{"id":3991,"date":"2025-05-21T11:56:38","date_gmt":"2025-05-21T11:56:38","guid":{"rendered":"https:\/\/xrhydraulicsystem.com\/?post_type=product&#038;p=3991"},"modified":"2025-06-10T10:20:38","modified_gmt":"2025-06-10T10:20:38","slug":"optical-cable","status":"publish","type":"product","link":"https:\/\/xrhydraulicsystem.com\/vi\/san-pham\/optical-cable\/","title":{"rendered":"H\u1ec7 th\u1ed1ng v\u00e0 thi\u1ebft b\u1ecb th\u1ee7y l\u1ef1c"},"content":{"rendered":"<p><img alt=\"\" fetchpriority=\"high\" decoding=\"async\" class=\"alignnone size-full wp-image-4688\" src=\"https:\/\/xrhydraulicsystem.com\/wp-content\/uploads\/2025\/05\/IMG_4686.jpg\" alt=\"\" width=\"1200\" height=\"1200\" srcset=\"https:\/\/xrhydraulicsystem.com\/wp-content\/uploads\/2025\/05\/IMG_4686.jpg 1200w, https:\/\/xrhydraulicsystem.com\/wp-content\/uploads\/2025\/05\/IMG_4686-300x300.jpg 300w, https:\/\/xrhydraulicsystem.com\/wp-content\/uploads\/2025\/05\/IMG_4686-1024x1024.jpg 1024w, https:\/\/xrhydraulicsystem.com\/wp-content\/uploads\/2025\/05\/IMG_4686-150x150.jpg 150w, https:\/\/xrhydraulicsystem.com\/wp-content\/uploads\/2025\/05\/IMG_4686-768x768.jpg 768w, https:\/\/xrhydraulicsystem.com\/wp-content\/uploads\/2025\/05\/IMG_4686-12x12.jpg 12w, https:\/\/xrhydraulicsystem.com\/wp-content\/uploads\/2025\/05\/IMG_4686-600x600.jpg 600w, https:\/\/xrhydraulicsystem.com\/wp-content\/uploads\/2025\/05\/IMG_4686-100x100.jpg 100w\" sizes=\"(max-width: 1200px) 100vw, 1200px\" \/> <img alt=\"\" decoding=\"async\" class=\"alignnone size-full wp-image-4689\" src=\"https:\/\/xrhydraulicsystem.com\/wp-content\/uploads\/2025\/05\/IMG_4687.jpg\" alt=\"\" width=\"1200\" height=\"1200\" srcset=\"https:\/\/xrhydraulicsystem.com\/wp-content\/uploads\/2025\/05\/IMG_4687.jpg 1200w, https:\/\/xrhydraulicsystem.com\/wp-content\/uploads\/2025\/05\/IMG_4687-300x300.jpg 300w, https:\/\/xrhydraulicsystem.com\/wp-content\/uploads\/2025\/05\/IMG_4687-1024x1024.jpg 1024w, https:\/\/xrhydraulicsystem.com\/wp-content\/uploads\/2025\/05\/IMG_4687-150x150.jpg 150w, https:\/\/xrhydraulicsystem.com\/wp-content\/uploads\/2025\/05\/IMG_4687-768x768.jpg 768w, https:\/\/xrhydraulicsystem.com\/wp-content\/uploads\/2025\/05\/IMG_4687-12x12.jpg 12w, https:\/\/xrhydraulicsystem.com\/wp-content\/uploads\/2025\/05\/IMG_4687-600x600.jpg 600w, https:\/\/xrhydraulicsystem.com\/wp-content\/uploads\/2025\/05\/IMG_4687-100x100.jpg 100w\" sizes=\"(max-width: 1200px) 100vw, 1200px\" \/><\/p>\n<table>\n<tbody>\n<tr>\n<td style=\"border: .5pt solid #000000;\">product name<\/td>\n<td style=\"border: .5pt solid #000000;\" colspan=\"2\">Customized hydraulic system, hydraulic station, hydraulic system, hydraulic device, complete hydraulic device, hydraulic pump station, multi-channel hydraulic system<\/td>\n<\/tr>\n<tr>\n<td style=\"border: .5pt solid #000000;\">Applicable Medium<\/td>\n<td style=\"border: .5pt solid #000000;\" colspan=\"2\">46#Hydraulic oil<\/td>\n<\/tr>\n<tr>\n<td style=\"border: .5pt solid #000000;\" rowspan=\"5\">Specification and model<\/td>\n<td style=\"border: .5pt solid #000000;\">380V3KW40L<\/td>\n<td style=\"border: .5pt solid #000000;\">Consult customer service<\/td>\n<\/tr>\n<tr>\n<td style=\"border: .5pt solid #000000;\">380V4W60L<\/td>\n<td style=\"border: .5pt solid #000000;\">Consult customer service<\/td>\n<\/tr>\n<tr>\n<td style=\"border: .5pt solid #000000;\">380V5.5KW80L<\/td>\n<td style=\"border: .5pt solid #000000;\">Consult customer service<\/td>\n<\/tr>\n<tr>\n<td style=\"border: .5pt solid #000000;\">380V7.5KW80L<\/td>\n<td style=\"border: .5pt solid #000000;\">Consult customer service<\/td>\n<\/tr>\n<tr>\n<td style=\"border: .5pt solid #000000;\">380V11KW100L<\/td>\n<td style=\"border: .5pt solid #000000;\">Consult customer service<\/td>\n<\/tr>\n<tr style=\"height: 20.25pt;\">\n<td style=\"border: .5pt solid #000000;\" colspan=\"2\">Rated flow rate<\/td>\n<td style=\"border: .5pt solid #000000;\"><\/td>\n<\/tr>\n<tr>\n<td style=\"border: .5pt solid #000000;\">product material<\/td>\n<td style=\"border: .5pt solid #000000;\" colspan=\"2\">copper<\/td>\n<\/tr>\n<tr>\n<td style=\"border: .5pt solid #000000;\">Product Performance<\/td>\n<td style=\"border: .5pt solid #000000;\" colspan=\"2\">stable performance<\/td>\n<\/tr>\n<tr>\n<td style=\"border: .5pt solid #000000;\">Application scope<\/td>\n<td style=\"border: .5pt solid #000000;\" colspan=\"2\">Machine tools, clamping equipment, mechanical equipment<\/td>\n<\/tr>\n<\/tbody>\n<\/table>\n<div class=\"inter-cXIzMf\">\n<div class=\"container-UiWnzB\">\n<div class=\"item-vlcIin\">\n<div class=\"container-U7uO4R chrome70-container\">\n<div class=\"inner-xy7ZZ7 inner-item-Adit9A\" data-target-id=\"message-box-target-id\" data-testid=\"union_message\">\n<div class=\"message-block-container-Fe43tF\" data-testid=\"message-block-container\">\n<div class=\"flex flex-row w-full w-full max-w-full s-font-base text-s-color-text-secondary p-0 rounded-s-radius-s bg-transparent group data-[attr=select-mode]:-mt-10 data-[attr=select-mode]:py-10 data-[attr=select-mode]:px-16 data-[attr=select-mode]:sm:p-10 data-[attr=select-mode]:hover:bg-s-color-bg-base data-[attr=select-mode]:hover:rounded-s-radius-xs data-[attr=select-mode]:has-[:checked]:bg-s-color-bg-base data-[attr=select-mode]:has-[:checked]:rounded-s-radius-xs data-[attr=select-mode]:pointer-events-none\" data-testid=\"receive_message\">\n<div class=\"flex flex-col flex-grow max-w-full min-w-0\">\n<div class=\"flex flex-row w-full\" data-testid=\"message_content\" data-message-id=\"8571230756776962\">\n<div class=\"w-full\" data-plugin-identifier=\"Symbol(receive-write-text-content)\">\n<div class=\"container-jJBCG1 flow-markdown-body theme-samantha-UQQUqP\" dir=\"ltr\" data-testid=\"message_text_content\" data-show-indicator=\"false\">\n<h3 class=\"header-OdWb_u auto-hide-last-sibling-br\"><strong>Product Highlights of Hydraulic Systems and Devices<\/strong><\/h3>\n<ol class=\"auto-hide-last-sibling-br\">\n<li>\n<div class=\"auto-hide-last-sibling-br paragraph-Oc488D paragraph-element br-paragraph-space\"><strong>High-Pressure Performance<\/strong><br class=\"container-Vdm5p7 wrapper-_7axQ_ undefined\" \/>Delivers consistent power under heavy loads, ensuring reliability for demanding applications like construction machinery, industrial presses, and mining equipment.<\/div>\n<\/li>\n<li>\n<div class=\"auto-hide-last-sibling-br paragraph-Oc488D paragraph-element br-paragraph-space\"><strong>Precision Motion Control<\/strong><br class=\"container-Vdm5p7 wrapper-_7axQ_ undefined\" \/>Advanced servo valves and proportional technology enable smooth, accurate movements, ideal for robotic arms, CNC machines, and aerospace actuators requiring fine positioning.<\/div>\n<\/li>\n<li>\n<div class=\"auto-hide-last-sibling-br paragraph-Oc488D paragraph-element br-paragraph-space\"><strong>Rugged Durability<\/strong><br class=\"container-Vdm5p7 wrapper-_7axQ_ undefined\" \/>Constructed with corrosion-resistant alloys, reinforced seals, and shock-absorbing components to withstand extreme temperatures, moisture, and mechanical stress in harsh industrial settings.<\/div>\n<\/li>\n<li>\n<div class=\"auto-hide-last-sibling-br paragraph-Oc488D paragraph-element br-paragraph-space\"><strong>Modular Flexibility<\/strong><br class=\"container-Vdm5p7 wrapper-_7axQ_ undefined\" \/>Customizable configurations allow easy integration with existing equipment, featuring plug-and-play manifolds and quick-connect fittings.<\/div>\n<\/li>\n<li>\n<div class=\"auto-hide-last-sibling-br paragraph-Oc488D paragraph-element br-paragraph-space\"><strong>Quiet &amp; Stable Operation<\/strong><br class=\"container-Vdm5p7 wrapper-_7axQ_ undefined\" \/>Vibration-damped pumps and noise-reducing designs ensure minimal disruption in noise-sensitive environments like manufacturing facilities or marine applications.<\/div>\n<\/li>\n<li>\n<div class=\"auto-hide-last-sibling-br paragraph-Oc488D paragraph-element br-paragraph-space\"><strong>Smart Monitoring Capabilities<\/strong><br class=\"container-Vdm5p7 wrapper-_7axQ_ undefined\" \/>IoT-enabled sensors provide real-time data on pressure, temperature, and fluid health via cloud platforms, enabling predictive maintenance and performance optimization.<\/div>\n<\/li>\n<li>\n<div class=\"auto-hide-last-sibling-br paragraph-Oc488D paragraph-element br-paragraph-space\"><strong>Industry Versatility<\/strong><br class=\"container-Vdm5p7 wrapper-_7axQ_ undefined\" \/>Serves diverse sectors including automotive (assembly lines), agriculture (tractors), marine (deck cranes), and renewable energy (wind turbine systems), adapting to unique power demands.<\/div>\n<\/li>\n<\/ol>\n<\/div>\n<\/div>\n<\/div>\n<div class=\"answer-action-bar-W8rZE6 answer-action-bar\" data-testid=\"message_action_bar\">\n<div class=\"container-tjEzGV container-QPZyKA flex flex-row items-start w-full self-center\" data-message-action-bar=\"1\"><\/div>\n<\/div>\n<\/div>\n<\/div>\n<\/div>\n<\/div>\n<\/div>\n<\/div>\n<\/div>\n<\/div>\n","protected":false},"excerpt":{"rendered":"<p>\u0110\u01b0\u1ee3c thi\u1ebft k\u1ebf \u0111\u1ec3 \u0111\u1ea1t hi\u1ec7u su\u1ea5t cao v\u00e0 \u0111\u1ed9 ch\u00ednh x\u00e1c, h\u1ec7 th\u1ed1ng v\u00e0 thi\u1ebft b\u1ecb th\u1ee7y l\u1ef1c c\u1ee7a ch\u00fang t\u00f4i cung c\u1ea5p kh\u1ea3 n\u0103ng ho\u1ea1t \u0111\u1ed9ng \u1edf \u00e1p su\u1ea5t cao v\u1edbi thi\u1ebft k\u1ebf ti\u1ebft ki\u1ec7m n\u0103ng l\u01b0\u1ee3ng, l\u00fd t\u01b0\u1edfng cho c\u00e1c \u1ee9ng d\u1ee5ng n\u1eb7ng trong x\u00e2y d\u1ef1ng, khai th\u00e1c m\u1ecf v\u00e0 s\u1ea3n xu\u1ea5t. V\u1edbi h\u1ec7 th\u1ed1ng \u0111i\u1ec1u khi\u1ec3n servo ti\u00ean ti\u1ebfn cho chuy\u1ec3n \u0111\u1ed9ng m\u01b0\u1ee3t m\u00e0, c\u00e1c th\u00e0nh ph\u1ea7n b\u1ec1n b\u1ec9 ch\u1ed1ng \u0103n m\u00f2n v\u00e0 c\u1ea5u h\u00ecnh m\u00f4-\u0111un, ch\u00fang \u0111\u1ea3m b\u1ea3o \u0111\u1ed9 b\u1ec1n trong m\u00f4i tr\u01b0\u1eddng kh\u1eafc nghi\u1ec7t. C\u00e1c t\u00ednh n\u0103ng an to\u00e0n nh\u01b0 b\u1ea3o v\u1ec7 qu\u00e1 t\u1ea3i v\u00e0 ph\u00e1t hi\u1ec7n r\u00f2 r\u1ec9 \u0111\u00e1p \u1ee9ng ti\u00eau chu\u1ea9n to\u00e0n c\u1ea7u, trong khi c\u1ea3m bi\u1ebfn IoT cho ph\u00e9p gi\u00e1m s\u00e1t th\u1eddi gian th\u1ef1c \u0111\u1ec3 b\u1ea3o tr\u00ec d\u1ef1 \u0111o\u00e1n. \u0110a n\u0103ng v\u00e0 \u0111\u00e1ng tin c\u1eady, c\u00e1c gi\u1ea3i ph\u00e1p n\u00e0y cung c\u1ea5p s\u1ee9c m\u1ea1nh cho m\u00e1y \u0111\u00e0o, m\u00e1y \u00e9p v\u00e0 thi\u1ebft b\u1ecb h\u00e0ng h\u1ea3i, k\u1ebft h\u1ee3p s\u1ee9c m\u1ea1nh, hi\u1ec7u qu\u1ea3 v\u00e0 kh\u1ea3 n\u0103ng th\u00edch \u1ee9ng \u0111\u1ec3 t\u1ed1i \u01b0u h\u00f3a quy tr\u00ecnh l\u00e0m vi\u1ec7c c\u00f4ng nghi\u1ec7p.<\/p>","protected":false},"featured_media":4684,"template":"","meta":{"_seopress_robots_primary_cat":"none","_seopress_titles_title":"","_seopress_titles_desc":"","_seopress_robots_index":"","_uag_custom_page_level_css":"","site-sidebar-layout":"default","site-content-layout":"","ast-site-content-layout":"default","site-content-style":"default","site-sidebar-style":"default","ast-global-header-display":"","ast-banner-title-visibility":"","ast-main-header-display":"","ast-hfb-above-header-display":"","ast-hfb-below-header-display":"","ast-hfb-mobile-header-display":"","site-post-title":"","ast-breadcrumbs-content":"","ast-featured-img":"","footer-sml-layout":"","ast-disable-related-posts":"","theme-transparent-header-meta":"default","adv-header-id-meta":"","stick-header-meta":"default","header-above-stick-meta":"","header-main-stick-meta":"","header-below-stick-meta":"","astra-migrate-meta-layouts":"set","ast-page-background-enabled":"default","ast-page-background-meta":{"desktop":{"background-color":"","background-image":"","background-repeat":"repeat","background-position":"center center","background-size":"auto","background-attachment":"scroll","background-type":"","background-media":"","overlay-type":"","overlay-color":"","overlay-opacity":"","overlay-gradient":""},"tablet":{"background-color":"","background-image":"","background-repeat":"repeat","background-position":"center center","background-size":"auto","background-attachment":"scroll","background-type":"","background-media":"","overlay-type":"","overlay-color":"","overlay-opacity":"","overlay-gradient":""},"mobile":{"background-color":"","background-image":"","background-repeat":"repeat","background-position":"center center","background-size":"auto","background-attachment":"scroll","background-type":"","background-media":"","overlay-type":"","overlay-color":"","overlay-opacity":"","overlay-gradient":""}},"ast-content-background-meta":{"desktop":{"background-color":"var(--ast-global-color-5)","background-image":"","background-repeat":"repeat","background-position":"center center","background-size":"auto","background-attachment":"scroll","background-type":"","background-media":"","overlay-type":"","overlay-color":"","overlay-opacity":"","overlay-gradient":""},"tablet":{"background-color":"var(--ast-global-color-5)","background-image":"","background-repeat":"repeat","background-position":"center center","background-size":"auto","background-attachment":"scroll","background-type":"","background-media":"","overlay-type":"","overlay-color":"","overlay-opacity":"","overlay-gradient":""},"mobile":{"background-color":"var(--ast-global-color-5)","background-image":"","background-repeat":"repeat","background-position":"center center","background-size":"auto","background-attachment":"scroll","background-type":"","background-media":"","overlay-type":"","overlay-color":"","overlay-opacity":"","overlay-gradient":""}}},"product_brand":[],"product_cat":[75],"product_tag":[],"class_list":{"0":"post-3991","1":"product","2":"type-product","3":"status-publish","4":"has-post-thumbnail","6":"product_cat-hydraulics","7":"desktop-align-left","8":"tablet-align-left","9":"mobile-align-left","10":"ast-product-gallery-layout-horizontal-slider","11":"ast-product-tabs-layout-accordion","13":"first","14":"instock","15":"shipping-taxable","16":"product-type-simple"},"uagb_featured_image_src":{"full":["https:\/\/xrhydraulicsystem.com\/wp-content\/uploads\/2025\/05\/IMG_4688.jpg",1200,1200,false],"thumbnail":["https:\/\/xrhydraulicsystem.com\/wp-content\/uploads\/2025\/05\/IMG_4688-150x150.jpg",150,150,true],"medium":["https:\/\/xrhydraulicsystem.com\/wp-content\/uploads\/2025\/05\/IMG_4688-300x300.jpg",300,300,true],"medium_large":["https:\/\/xrhydraulicsystem.com\/wp-content\/uploads\/2025\/05\/IMG_4688-768x768.jpg",768,768,true],"large":["https:\/\/xrhydraulicsystem.com\/wp-content\/uploads\/2025\/05\/IMG_4688-1024x1024.jpg",1024,1024,true],"1536x1536":["https:\/\/xrhydraulicsystem.com\/wp-content\/uploads\/2025\/05\/IMG_4688.jpg",1200,1200,false],"2048x2048":["https:\/\/xrhydraulicsystem.com\/wp-content\/uploads\/2025\/05\/IMG_4688.jpg",1200,1200,false],"trp-custom-language-flag":["https:\/\/xrhydraulicsystem.com\/wp-content\/uploads\/2025\/05\/IMG_4688-12x12.jpg",12,12,true],"woocommerce_thumbnail":["https:\/\/xrhydraulicsystem.com\/wp-content\/uploads\/2025\/05\/IMG_4688-300x300.jpg",300,300,true],"woocommerce_single":["https:\/\/xrhydraulicsystem.com\/wp-content\/uploads\/2025\/05\/IMG_4688-600x600.jpg",600,600,true],"woocommerce_gallery_thumbnail":["https:\/\/xrhydraulicsystem.com\/wp-content\/uploads\/2025\/05\/IMG_4688-100x100.jpg",100,100,true]},"uagb_author_info":{"display_name":"jinxing6611@gmail.com","author_link":"https:\/\/xrhydraulicsystem.com\/vi\/author\/"},"uagb_comment_info":0,"uagb_excerpt":"Engineered for power and precision, our hydraulic systems and devices deliver high-pressure performance with energy-efficient designs, ideal for heavy-duty applications in construction, mining, and manufacturing. Featuring advanced servo control for smooth motion, rugged corrosion-resistant components, and modular setups, they ensure durability in harsh environments. Safety features like overload protection and leak detection meet global standards,&hellip;","_links":{"self":[{"href":"https:\/\/xrhydraulicsystem.com\/vi\/wp-json\/wp\/v2\/product\/3991","targetHints":{"allow":["GET"]}}],"collection":[{"href":"https:\/\/xrhydraulicsystem.com\/vi\/wp-json\/wp\/v2\/product"}],"about":[{"href":"https:\/\/xrhydraulicsystem.com\/vi\/wp-json\/wp\/v2\/types\/product"}],"wp:featuredmedia":[{"embeddable":true,"href":"https:\/\/xrhydraulicsystem.com\/vi\/wp-json\/wp\/v2\/media\/4684"}],"wp:attachment":[{"href":"https:\/\/xrhydraulicsystem.com\/vi\/wp-json\/wp\/v2\/media?parent=3991"}],"wp:term":[{"taxonomy":"product_brand","embeddable":true,"href":"https:\/\/xrhydraulicsystem.com\/vi\/wp-json\/wp\/v2\/product_brand?post=3991"},{"taxonomy":"product_cat","embeddable":true,"href":"https:\/\/xrhydraulicsystem.com\/vi\/wp-json\/wp\/v2\/product_cat?post=3991"},{"taxonomy":"product_tag","embeddable":true,"href":"https:\/\/xrhydraulicsystem.com\/vi\/wp-json\/wp\/v2\/product_tag?post=3991"}],"curies":[{"name":"wp","href":"https:\/\/api.w.org\/{rel}","templated":true}]}}