{"id":3995,"date":"2025-05-21T11:58:53","date_gmt":"2025-05-21T11:58:53","guid":{"rendered":"https:\/\/xrhydraulicsystem.com\/?post_type=product&#038;p=3995"},"modified":"2025-06-10T10:15:55","modified_gmt":"2025-06-10T10:15:55","slug":"water-chiller","status":"publish","type":"product","link":"https:\/\/xrhydraulicsystem.com\/vi\/san-pham\/water-chiller\/","title":{"rendered":"B\u1ed9 ngu\u1ed3n DC mini"},"content":{"rendered":"<p><img alt=\"\" fetchpriority=\"high\" decoding=\"async\" class=\"alignnone size-full wp-image-4696\" src=\"https:\/\/xrhydraulicsystem.com\/wp-content\/uploads\/2025\/05\/fe7287f414eea44cae7ace12b55f335.jpg\" width=\"1920\" height=\"1080\" srcset=\"https:\/\/xrhydraulicsystem.com\/wp-content\/uploads\/2025\/05\/fe7287f414eea44cae7ace12b55f335.jpg 1920w, https:\/\/xrhydraulicsystem.com\/wp-content\/uploads\/2025\/05\/fe7287f414eea44cae7ace12b55f335-300x169.jpg 300w, https:\/\/xrhydraulicsystem.com\/wp-content\/uploads\/2025\/05\/fe7287f414eea44cae7ace12b55f335-1024x576.jpg 1024w, https:\/\/xrhydraulicsystem.com\/wp-content\/uploads\/2025\/05\/fe7287f414eea44cae7ace12b55f335-768x432.jpg 768w, https:\/\/xrhydraulicsystem.com\/wp-content\/uploads\/2025\/05\/fe7287f414eea44cae7ace12b55f335-1536x864.jpg 1536w, https:\/\/xrhydraulicsystem.com\/wp-content\/uploads\/2025\/05\/fe7287f414eea44cae7ace12b55f335-18x10.jpg 18w, https:\/\/xrhydraulicsystem.com\/wp-content\/uploads\/2025\/05\/fe7287f414eea44cae7ace12b55f335-600x338.jpg 600w\" sizes=\"(max-width: 1920px) 100vw, 1920px\" \/> <img alt=\"\" decoding=\"async\" class=\"alignnone size-full wp-image-4694\" src=\"https:\/\/xrhydraulicsystem.com\/wp-content\/uploads\/2025\/05\/dc054fa3c458cabd76621ca8edb6a7f.jpg\" width=\"1200\" height=\"1200\" srcset=\"https:\/\/xrhydraulicsystem.com\/wp-content\/uploads\/2025\/05\/dc054fa3c458cabd76621ca8edb6a7f.jpg 1200w, https:\/\/xrhydraulicsystem.com\/wp-content\/uploads\/2025\/05\/dc054fa3c458cabd76621ca8edb6a7f-300x300.jpg 300w, https:\/\/xrhydraulicsystem.com\/wp-content\/uploads\/2025\/05\/dc054fa3c458cabd76621ca8edb6a7f-1024x1024.jpg 1024w, https:\/\/xrhydraulicsystem.com\/wp-content\/uploads\/2025\/05\/dc054fa3c458cabd76621ca8edb6a7f-150x150.jpg 150w, https:\/\/xrhydraulicsystem.com\/wp-content\/uploads\/2025\/05\/dc054fa3c458cabd76621ca8edb6a7f-768x768.jpg 768w, https:\/\/xrhydraulicsystem.com\/wp-content\/uploads\/2025\/05\/dc054fa3c458cabd76621ca8edb6a7f-12x12.jpg 12w, https:\/\/xrhydraulicsystem.com\/wp-content\/uploads\/2025\/05\/dc054fa3c458cabd76621ca8edb6a7f-600x600.jpg 600w, https:\/\/xrhydraulicsystem.com\/wp-content\/uploads\/2025\/05\/dc054fa3c458cabd76621ca8edb6a7f-100x100.jpg 100w\" sizes=\"(max-width: 1200px) 100vw, 1200px\" \/> <img alt=\"\" decoding=\"async\" class=\"alignnone size-full wp-image-4690\" src=\"https:\/\/xrhydraulicsystem.com\/wp-content\/uploads\/2025\/05\/7e9524103df52908a3d4df0d186abcb.jpg\" width=\"1200\" height=\"1200\" srcset=\"https:\/\/xrhydraulicsystem.com\/wp-content\/uploads\/2025\/05\/7e9524103df52908a3d4df0d186abcb.jpg 1200w, https:\/\/xrhydraulicsystem.com\/wp-content\/uploads\/2025\/05\/7e9524103df52908a3d4df0d186abcb-300x300.jpg 300w, https:\/\/xrhydraulicsystem.com\/wp-content\/uploads\/2025\/05\/7e9524103df52908a3d4df0d186abcb-1024x1024.jpg 1024w, https:\/\/xrhydraulicsystem.com\/wp-content\/uploads\/2025\/05\/7e9524103df52908a3d4df0d186abcb-150x150.jpg 150w, https:\/\/xrhydraulicsystem.com\/wp-content\/uploads\/2025\/05\/7e9524103df52908a3d4df0d186abcb-768x768.jpg 768w, https:\/\/xrhydraulicsystem.com\/wp-content\/uploads\/2025\/05\/7e9524103df52908a3d4df0d186abcb-12x12.jpg 12w, https:\/\/xrhydraulicsystem.com\/wp-content\/uploads\/2025\/05\/7e9524103df52908a3d4df0d186abcb-600x600.jpg 600w, https:\/\/xrhydraulicsystem.com\/wp-content\/uploads\/2025\/05\/7e9524103df52908a3d4df0d186abcb-100x100.jpg 100w\" sizes=\"(max-width: 1200px) 100vw, 1200px\" \/><\/p>\n<h3 class=\"header-OdWb_u auto-hide-last-sibling-br\"><strong>\u0110i\u1ec3m n\u1ed5i b\u1eadt c\u1ee7a B\u1ed9 ngu\u1ed3n DC micro<\/strong><\/h3>\n<ol class=\"auto-hide-last-sibling-br\">\n<li>\n<div class=\"auto-hide-last-sibling-br paragraph-Oc488D paragraph-element br-paragraph-space\"><strong>Thi\u1ebft k\u1ebf nh\u1ecf g\u1ecdn v\u00e0 nh\u1eb9<\/strong><br class=\"container-Vdm5p7 wrapper-_7axQ_ undefined\" \/>K\u00edch th\u01b0\u1edbc si\u00eau nh\u1ecf g\u1ecdn v\u00e0 tr\u1ecdng l\u01b0\u1ee3ng nh\u1eb9 cho ph\u00e9p t\u00edch h\u1ee3p m\u01b0\u1ee3t m\u00e0 v\u00e0o c\u00e1c \u1ee9ng d\u1ee5ng c\u00f3 kh\u00f4ng gian h\u1ea1n ch\u1ebf nh\u01b0 robot, thi\u1ebft b\u1ecb y t\u1ebf v\u00e0 thi\u1ebft b\u1ecb \u0111i\u1ec7n t\u1eed di \u0111\u1ed9ng.<\/div>\n<\/li>\n<li>\n<div class=\"auto-hide-last-sibling-br paragraph-Oc488D paragraph-element br-paragraph-space\"><strong>D\u1ea3i \u0111\u1ea7u v\u00e0o\/\u0111\u1ea7u ra r\u1ed9ng<\/strong><br class=\"container-Vdm5p7 wrapper-_7axQ_ undefined\" \/>H\u1ed7 tr\u1ee3 \u0111i\u1ec7n \u00e1p \u0111\u1ea7u v\u00e0o linh ho\u1ea1t v\u00e0 \u0111i\u1ec7n \u00e1p \u0111\u1ea7u ra c\u00f3 th\u1ec3 \u0111i\u1ec1u ch\u1ec9nh \u0111\u1ec3 ph\u00f9 h\u1ee3p v\u1edbi c\u00e1c y\u00eau c\u1ea7u ngu\u1ed3n \u0111i\u1ec7n \u0111a d\u1ea1ng c\u1ee7a c\u00e1c thi\u1ebft b\u1ecb.<\/div>\n<\/li>\n<li>\n<div class=\"auto-hide-last-sibling-br paragraph-Oc488D paragraph-element br-paragraph-space\"><strong>C\u00e1c t\u00ednh n\u0103ng b\u1ea3o v\u1ec7 m\u1ea1nh m\u1ebd<\/strong><br class=\"container-Vdm5p7 wrapper-_7axQ_ undefined\" \/>B\u1ea3o v\u1ec7 qu\u00e1 \u00e1p, qu\u00e1 d\u00f2ng v\u00e0 ng\u1eafn m\u1ea1ch t\u00edch h\u1ee3p gi\u00fap b\u1ea3o v\u1ec7 thi\u1ebft b\u1ecb k\u1ebft n\u1ed1i kh\u1ecfi h\u01b0 h\u1ecfng, \u0111\u1ea3m b\u1ea3o ho\u1ea1t \u0111\u1ed9ng \u0111\u00e1ng tin c\u1eady trong \u0111i\u1ec1u ki\u1ec7n kh\u1eafc nghi\u1ec7t.<\/div>\n<\/li>\n<li>\n<div class=\"auto-hide-last-sibling-br paragraph-Oc488D paragraph-element br-paragraph-space\"><strong>Ti\u1ebfng \u1ed3n v\u00e0 rung \u0111\u1ed9ng th\u1ea5p<\/strong><br class=\"container-Vdm5p7 wrapper-_7axQ_ undefined\" \/>C\u00f4ng ngh\u1ec7 l\u1ecdc n\u00e2ng cao v\u00e0 ho\u1ea1t \u0111\u1ed9ng \u00eam \u00e1i gi\u00fap s\u1ea3n ph\u1ea9m ph\u00f9 h\u1ee3p v\u1edbi c\u00e1c m\u00f4i tr\u01b0\u1eddng nh\u1ea1y c\u1ea3m v\u1edbi ti\u1ebfng \u1ed3n nh\u01b0 ph\u00f2ng th\u00ed nghi\u1ec7m, thi\u1ebft b\u1ecb y t\u1ebf v\u00e0 c\u00e1c thi\u1ebft b\u1ecb \u0111o l\u01b0\u1eddng ch\u00ednh x\u00e1c.<\/div>\n<\/li>\n<li>\n<div class=\"auto-hide-last-sibling-br paragraph-Oc488D paragraph-element br-paragraph-space\"><strong>T\u01b0\u01a1ng th\u00edch c\u1eafm v\u00e0 ch\u1ea1y<\/strong><br class=\"container-Vdm5p7 wrapper-_7axQ_ undefined\" \/>C\u00e1c giao di\u1ec7n ti\u00eau chu\u1ea9n h\u00f3a cho ph\u00e9p c\u00e0i \u0111\u1eb7t nhanh ch\u00f3ng v\u00e0 t\u01b0\u01a1ng th\u00edch v\u1edbi c\u00e1c c\u1ea3m bi\u1ebfn, b\u1ed9 truy\u1ec1n \u0111\u1ed9ng v\u00e0 b\u1ed9 \u0111i\u1ec1u khi\u1ec3n vi m\u1ea1ch trong c\u00e1c h\u1ec7 th\u1ed1ng IoT v\u00e0 t\u1ef1 \u0111\u1ed9ng h\u00f3a.<\/div>\n<\/li>\n<li>\n<div class=\"auto-hide-last-sibling-br paragraph-Oc488D paragraph-element br-paragraph-space\"><strong>Kh\u1ea3 n\u0103ng ch\u1ecbu nhi\u1ec7t \u0111\u1ed9 cao<\/strong><br class=\"container-Vdm5p7 wrapper-_7axQ_ undefined\" \/>Ho\u1ea1t \u0111\u1ed9ng \u0111\u00e1ng tin c\u1eady trong \u0111i\u1ec1u ki\u1ec7n nhi\u1ec7t \u0111\u1ed9 c\u1ef1c \u0111oan, khi\u1ebfn n\u00f3 tr\u1edf th\u00e0nh l\u1ef1a ch\u1ecdn l\u00fd t\u01b0\u1edfng cho c\u00e1c \u1ee9ng d\u1ee5ng ngo\u00e0i tr\u1eddi, c\u00f4ng nghi\u1ec7p ho\u1eb7c \u00f4 t\u00f4.<\/div>\n<\/li>\n<li>\n<div class=\"auto-hide-last-sibling-br paragraph-Oc488D paragraph-element br-paragraph-space\"><strong>Gi\u1ea3i ph\u00e1p hi\u1ec7u qu\u1ea3 v\u1ec1 chi ph\u00ed<\/strong><br class=\"container-Vdm5p7 wrapper-_7axQ_ undefined\" \/>Ti\u00eau th\u1ee5 \u0111i\u1ec7n n\u0103ng th\u1ea5p v\u00e0 tu\u1ed5i th\u1ecd cao gi\u00fap gi\u1ea3m chi ph\u00ed b\u1ea3o tr\u00ec v\u00e0 thay th\u1ebf, trong khi thi\u1ebft k\u1ebf c\u00f3 kh\u1ea3 n\u0103ng m\u1edf r\u1ed9ng \u0111\u00e1p \u1ee9ng c\u1ea3 nhu c\u1ea7u c\u1ee7a thi\u1ebft b\u1ecb \u0111\u01a1n l\u1ebb v\u00e0 h\u1ec7 th\u1ed1ng \u0111a thi\u1ebft b\u1ecb.<\/div>\n<\/li>\n<li>\n<div class=\"auto-hide-last-sibling-br paragraph-Oc488D paragraph-element br-paragraph-space\"><strong>C\u00e1c t\u00f9y ch\u1ecdn c\u00f3 th\u1ec3 t\u00f9y ch\u1ec9nh<\/strong><br class=\"container-Vdm5p7 wrapper-_7axQ_ undefined\" \/>C\u00e1c th\u00f4ng s\u1ed1 \u0111i\u1ec7n \u00e1p\/d\u00f2ng \u0111i\u1ec7n, v\u1eadt li\u1ec7u v\u1ecf b\u1ea3o v\u1ec7 v\u00e0 c\u1ea5u h\u00ecnh l\u1eafp \u0111\u1eb7t \u0111\u01b0\u1ee3c t\u00f9y ch\u1ec9nh \u0111\u1ec3 \u0111\u00e1p \u1ee9ng c\u00e1c y\u00eau c\u1ea7u chuy\u00ean bi\u1ec7t.<\/div>\n<\/li>\n<\/ol>\n<h3 class=\"header-OdWb_u auto-hide-last-sibling-br\"><strong>C\u00e1c \u1ee9ng d\u1ee5ng c\u1ee7a b\u1ed9 ngu\u1ed3n DC micro<\/strong><\/h3>\n<ol class=\"auto-hide-last-sibling-br\">\n<li>\n<div class=\"auto-hide-last-sibling-br paragraph-Oc488D paragraph-element br-paragraph-space\"><strong>Robotics &amp; T\u1ef1 \u0111\u1ed9ng h\u00f3a<\/strong><br class=\"container-Vdm5p7 wrapper-_7axQ_ undefined\" \/>Cung c\u1ea5p ngu\u1ed3n \u0111i\u1ec7n cho c\u00e1c robot quy m\u00f4 nh\u1ecf, m\u00e1y bay kh\u00f4ng ng\u01b0\u1eddi l\u00e1i v\u00e0 c\u1ea3m bi\u1ebfn IoT, mang l\u1ea1i ngu\u1ed3n \u0111i\u1ec7n nh\u1ecf g\u1ecdn v\u00e0 hi\u1ec7u qu\u1ea3 cho c\u00e1c \u1ee9ng d\u1ee5ng \u0111i\u1ec1u h\u01b0\u1edbng, thu th\u1eadp d\u1eef li\u1ec7u v\u00e0 \u0111i\u1ec1u khi\u1ec3n trong l\u0129nh v\u1ef1c robot c\u00f4ng nghi\u1ec7p, n\u00f4ng nghi\u1ec7p ho\u1eb7c d\u1ecbch v\u1ee5.<\/div>\n<\/li>\n<li>\n<div class=\"auto-hide-last-sibling-br paragraph-Oc488D paragraph-element br-paragraph-space\"><strong>Thi\u1ebft b\u1ecb y t\u1ebf<\/strong><br class=\"container-Vdm5p7 wrapper-_7axQ_ undefined\" \/>H\u1ed7 tr\u1ee3 c\u00e1c thi\u1ebft b\u1ecb y t\u1ebf di \u0111\u1ed9ng nh\u01b0 m\u00e1y b\u01a1m insulin, thi\u1ebft b\u1ecb theo d\u00f5i \u0111eo \u0111\u01b0\u1ee3c v\u00e0 d\u1ee5ng c\u1ee5 n\u1ed9i soi, \u0111\u1ea3m b\u1ea3o ngu\u1ed3n \u0111i\u1ec7n \u0111\u00e1ng tin c\u1eady v\u00e0 \u00edt ti\u1ebfng \u1ed3n trong m\u00f4i tr\u01b0\u1eddng y t\u1ebf.<\/div>\n<\/li>\n<li>\n<div class=\"auto-hide-last-sibling-br paragraph-Oc488D paragraph-element br-paragraph-space\"><strong>Thi\u1ebft b\u1ecb \u0111i\u1ec7n t\u1eed di \u0111\u1ed9ng<\/strong><br class=\"container-Vdm5p7 wrapper-_7axQ_ undefined\" \/>\u0110\u01b0\u1ee3c s\u1eed d\u1ee5ng trong c\u00e1c thi\u1ebft b\u1ecb c\u1ea7m tay \u0111\u1ec3 cung c\u1ea5p ngu\u1ed3n \u0111i\u1ec7n DC \u1ed5n \u0111\u1ecbnh, gi\u00fap k\u00e9o d\u00e0i th\u1eddi l\u01b0\u1ee3ng pin trong c\u00e1c ho\u1ea1t \u0111\u1ed9ng ngo\u00e0i tr\u1eddi.<\/div>\n<\/li>\n<li>\n<div class=\"auto-hide-last-sibling-br paragraph-Oc488D paragraph-element br-paragraph-space\"><strong>\u00d4 t\u00f4 &amp; Giao th\u00f4ng v\u1eadn t\u1ea3i<\/strong><br class=\"container-Vdm5p7 wrapper-_7axQ_ undefined\" \/>Cung c\u1ea5p ngu\u1ed3n \u0111i\u1ec7n cho c\u00e1c thi\u1ebft b\u1ecb \u0111i\u1ec7n t\u1eed trong cabin, c\u00f4ng c\u1ee5 ch\u1ea9n \u0111o\u00e1n v\u00e0 c\u00e1c h\u1ec7 th\u1ed1ng con c\u1ee7a xe \u0111i\u1ec7n (EV), v\u1edbi kh\u1ea3 n\u0103ng ch\u1ecbu nhi\u1ec7t \u0111\u1ed9 cao cho c\u00e1c \u1ee9ng d\u1ee5ng d\u01b0\u1edbi n\u1eafp ca-p\u00f4 ho\u1eb7c di \u0111\u1ed9ng.<\/div>\n<\/li>\n<li>\n<div class=\"auto-hide-last-sibling-br paragraph-Oc488D paragraph-element br-paragraph-space\"><strong>Internet of Things c\u00f4ng nghi\u1ec7p (IIoT)<\/strong><br class=\"container-Vdm5p7 wrapper-_7axQ_ undefined\" \/>T\u00edch h\u1ee3p v\u1edbi c\u00e1c c\u1ea3m bi\u1ebfn th\u00f4ng minh, c\u1ed5ng k\u1ebft n\u1ed1i v\u00e0 h\u1ec7 th\u1ed1ng gi\u00e1m s\u00e1t t\u1eeb xa trong nh\u00e0 m\u00e1y ho\u1eb7c kho h\u00e0ng, cho ph\u00e9p ho\u1ea1t \u0111\u1ed9ng v\u1edbi c\u00f4ng su\u1ea5t th\u1ea5p v\u00e0 kh\u00f4ng c\u1ea7n b\u1ea3o tr\u00ec trong m\u00f4i tr\u01b0\u1eddng c\u00f4ng nghi\u1ec7p kh\u1eafc nghi\u1ec7t.<\/div>\n<\/li>\n<li>\n<div class=\"auto-hide-last-sibling-br paragraph-Oc488D paragraph-element br-paragraph-space\"><strong>H\u00e0ng kh\u00f4ng v\u0169 tr\u1ee5 &amp; Qu\u1ed1c ph\u00f2ng<\/strong><br class=\"container-Vdm5p7 wrapper-_7axQ_ undefined\" \/>Cung c\u1ea5p ngu\u1ed3n \u0111i\u1ec7n nh\u1eb9 cho c\u00e1c ph\u01b0\u01a1ng ti\u1ec7n bay kh\u00f4ng ng\u01b0\u1eddi l\u00e1i (UAV), t\u1ea3i tr\u1ecdng v\u1ec7 tinh v\u00e0 c\u00e1c thi\u1ebft b\u1ecb qu\u00e2n s\u1ef1 di \u0111\u1ed9ng, \u0111\u00e1p \u1ee9ng c\u00e1c y\u00eau c\u1ea7u nghi\u00eam ng\u1eb7t v\u1ec1 k\u00edch th\u01b0\u1edbc, tr\u1ecdng l\u01b0\u1ee3ng v\u00e0 \u0111\u1ed9 tin c\u1eady.<\/div>\n<\/li>\n<li>\n<div class=\"auto-hide-last-sibling-br paragraph-Oc488D paragraph-element br-paragraph-space\"><strong>Thi\u1ebft b\u1ecb \u0111i\u1ec7n t\u1eed ti\u00eau d\u00f9ng<\/strong><br class=\"container-Vdm5p7 wrapper-_7axQ_ undefined\" \/>T\u1ed1i \u01b0u h\u00f3a c\u00e1c thi\u1ebft b\u1ecb nh\u1ecf g\u1ecdn nh\u01b0 tai nghe kh\u00f4ng d\u00e2y, m\u00e1y \u0111\u1ecdc s\u00e1ch \u0111i\u1ec7n t\u1eed v\u00e0 m\u00e1y ch\u01a1i game c\u1ea7m tay v\u1edbi qu\u1ea3n l\u00fd n\u0103ng l\u01b0\u1ee3ng hi\u1ec7u qu\u1ea3, gi\u00fap k\u00e9o d\u00e0i th\u1eddi gian s\u1eed d\u1ee5ng.<\/div>\n<\/li>\n<li>\n<div class=\"auto-hide-last-sibling-br paragraph-Oc488D paragraph-element br-paragraph-space\"><strong>H\u1ec7 th\u1ed1ng N\u0103ng l\u01b0\u1ee3ng T\u00e1i t\u1ea1o<\/strong><br class=\"container-Vdm5p7 wrapper-_7axQ_ undefined\" \/>Ho\u1ea1t \u0111\u1ed9ng nh\u01b0 m\u1ed9t b\u1ed9 chuy\u1ec3n \u0111\u1ed5i micro trong c\u00e1c thi\u1ebft b\u1ecb IoT ch\u1ea1y b\u1eb1ng n\u0103ng l\u01b0\u1ee3ng m\u1eb7t tr\u1eddi, tr\u1ea1m th\u1eddi ti\u1ebft t\u1eeb xa ho\u1eb7c h\u1ec7 th\u1ed1ng gi\u00e1m s\u00e1t kh\u00f4ng k\u1ebft n\u1ed1i l\u01b0\u1edbi \u0111i\u1ec7n, t\u1ed1i \u01b0u h\u00f3a vi\u1ec7c l\u01b0u tr\u1eef v\u00e0 ph\u00e2n ph\u1ed1i n\u0103ng l\u01b0\u1ee3ng.<\/div>\n<\/li>\n<li>\n<div class=\"auto-hide-last-sibling-br paragraph-Oc488D paragraph-element br-paragraph-space\"><strong>Thi\u1ebft b\u1ecb h\u00e0ng h\u1ea3i v\u00e0 d\u01b0\u1edbi n\u01b0\u1edbc<\/strong><br class=\"container-Vdm5p7 wrapper-_7axQ_ undefined\" \/>Cung c\u1ea5p ngu\u1ed3n \u0111i\u1ec7n cho c\u00e1c thi\u1ebft b\u1ecb kh\u00f4ng ng\u01b0\u1eddi l\u00e1i d\u01b0\u1edbi n\u01b0\u1edbc, c\u1ea3m bi\u1ebfn v\u00e0 h\u1ec7 th\u1ed1ng \u0111\u1ecbnh v\u1ecb v\u1edbi thi\u1ebft k\u1ebf ch\u1ed1ng n\u01b0\u1edbc v\u00e0 ch\u1ed1ng \u0103n m\u00f2n, ph\u00f9 h\u1ee3p cho nghi\u00ean c\u1ee9u bi\u1ec3n ho\u1eb7c c\u00e1c \u1ee9ng d\u1ee5ng ngo\u00e0i kh\u01a1i.<\/div>\n<\/li>\n<li>\n<div class=\"auto-hide-last-sibling-br paragraph-Oc488D paragraph-element br-paragraph-space\"><strong>Thi\u1ebft b\u1ecb nh\u00e0 th\u00f4ng minh<\/strong><br class=\"container-Vdm5p7 wrapper-_7axQ_ undefined\" \/>H\u1ed7 tr\u1ee3 c\u00e1c thi\u1ebft b\u1ecb \u0111i\u1ec1u h\u00f2a nhi\u1ec7t \u0111\u1ed9 th\u00f4ng minh, camera an ninh v\u00e0 h\u1ec7 th\u1ed1ng chi\u1ebfu s\u00e1ng t\u1ef1 \u0111\u1ed9ng, cung c\u1ea5p ngu\u1ed3n \u0111i\u1ec7n \u00e1p th\u1ea5p \u0111\u00e1ng tin c\u1eady \u0111\u1ec3 \u0111\u1ea3m b\u1ea3o ho\u1ea1t \u0111\u1ed9ng tr\u01a1n tru c\u1ee7a h\u1ec7 th\u1ed1ng t\u1ef1 \u0111\u1ed9ng h\u00f3a gia \u0111\u00ecnh.<\/div>\n<\/li>\n<\/ol>","protected":false},"excerpt":{"rendered":"<p>M\u1ed9t gi\u1ea3i ph\u00e1p nh\u1ecf g\u1ecdn, hi\u1ec7u su\u1ea5t cao cho vi\u1ec7c cung c\u1ea5p ngu\u1ed3n \u0111i\u1ec7n \u0111\u00e1ng tin c\u1eady, b\u1ed9 ngu\u1ed3n DC Micro c\u1ee7a ch\u00fang t\u00f4i cung c\u1ea5p ngu\u1ed3n DC \u1ed5n \u0111\u1ecbnh trong m\u1ed9t thi\u1ebft k\u1ebf si\u00eau nh\u1ecf g\u1ecdn. \u0110\u01b0\u1ee3c thi\u1ebft k\u1ebf v\u1edbi t\u00ednh n\u0103ng b\u1ea3o v\u1ec7 qu\u00e1 \u00e1p\/ch\u1eadp m\u1ea1ch v\u00e0 ho\u1ea1t \u0111\u1ed9ng \u00eam \u00e1i, s\u1ea3n ph\u1ea9m n\u00e0y ph\u00f9 h\u1ee3p cho c\u00e1c \u1ee9ng d\u1ee5ng c\u00f3 kh\u00f4ng gian h\u1ea1n ch\u1ebf nh\u01b0 robot, thi\u1ebft b\u1ecb y t\u1ebf v\u00e0 c\u1ea3m bi\u1ebfn IoT. V\u1edbi kh\u1ea3 n\u0103ng ch\u1ecbu nhi\u1ec7t \u0111\u1ed9 r\u1ed9ng v\u00e0 t\u01b0\u01a1ng th\u00edch c\u1eafm v\u00e0 ch\u1ea1y, s\u1ea3n ph\u1ea9m \u0111\u1ea3m b\u1ea3o t\u00edch h\u1ee3p m\u01b0\u1ee3t m\u00e0 trong c\u00e1c \u1ee9ng d\u1ee5ng \u00f4 t\u00f4, c\u00f4ng nghi\u1ec7p v\u00e0 \u0111i\u1ec7n t\u1eed di \u0111\u1ed9ng, t\u1ed1i \u01b0u h\u00f3a hi\u1ec7u su\u1ea5t n\u0103ng l\u01b0\u1ee3ng \u0111\u1ed3ng th\u1eddi b\u1ea3o v\u1ec7 c\u00e1c thi\u1ebft b\u1ecb k\u1ebft n\u1ed1i. L\u00fd t\u01b0\u1edfng cho c\u00e1c nhu c\u1ea7u c\u00f4ng su\u1ea5t th\u1ea5p, \u0111\u1ed9 tin c\u1eady cao trong nhi\u1ec1u ng\u00e0nh c\u00f4ng nghi\u1ec7p kh\u00e1c nhau.<\/p>","protected":false},"featured_media":4230,"template":"","meta":{"_seopress_robots_primary_cat":"none","_seopress_titles_title":"","_seopress_titles_desc":"","_seopress_robots_index":"","_uag_custom_page_level_css":"","site-sidebar-layout":"default","site-content-layout":"","ast-site-content-layout":"default","site-content-style":"default","site-sidebar-style":"default","ast-global-header-display":"","ast-banner-title-visibility":"","ast-main-header-display":"","ast-hfb-above-header-display":"","ast-hfb-below-header-display":"","ast-hfb-mobile-header-display":"","site-post-title":"","ast-breadcrumbs-content":"","ast-featured-img":"","footer-sml-layout":"","ast-disable-related-posts":"","theme-transparent-header-meta":"default","adv-header-id-meta":"","stick-header-meta":"default","header-above-stick-meta":"","header-main-stick-meta":"","header-below-stick-meta":"","astra-migrate-meta-layouts":"set","ast-page-background-enabled":"default","ast-page-background-meta":{"desktop":{"background-color":"","background-image":"","background-repeat":"repeat","background-position":"center center","background-size":"auto","background-attachment":"scroll","background-type":"","background-media":"","overlay-type":"","overlay-color":"","overlay-opacity":"","overlay-gradient":""},"tablet":{"background-color":"","background-image":"","background-repeat":"repeat","background-position":"center center","background-size":"auto","background-attachment":"scroll","background-type":"","background-media":"","overlay-type":"","overlay-color":"","overlay-opacity":"","overlay-gradient":""},"mobile":{"background-color":"","background-image":"","background-repeat":"repeat","background-position":"center center","background-size":"auto","background-attachment":"scroll","background-type":"","background-media":"","overlay-type":"","overlay-color":"","overlay-opacity":"","overlay-gradient":""}},"ast-content-background-meta":{"desktop":{"background-color":"var(--ast-global-color-5)","background-image":"","background-repeat":"repeat","background-position":"center center","background-size":"auto","background-attachment":"scroll","background-type":"","background-media":"","overlay-type":"","overlay-color":"","overlay-opacity":"","overlay-gradient":""},"tablet":{"background-color":"var(--ast-global-color-5)","background-image":"","background-repeat":"repeat","background-position":"center center","background-size":"auto","background-attachment":"scroll","background-type":"","background-media":"","overlay-type":"","overlay-color":"","overlay-opacity":"","overlay-gradient":""},"mobile":{"background-color":"var(--ast-global-color-5)","background-image":"","background-repeat":"repeat","background-position":"center center","background-size":"auto","background-attachment":"scroll","background-type":"","background-media":"","overlay-type":"","overlay-color":"","overlay-opacity":"","overlay-gradient":""}}},"product_brand":[],"product_cat":[78],"product_tag":[],"class_list":{"0":"post-3995","1":"product","2":"type-product","3":"status-publish","4":"has-post-thumbnail","6":"product_cat-dc","7":"desktop-align-left","8":"tablet-align-left","9":"mobile-align-left","10":"ast-product-gallery-layout-horizontal-slider","11":"ast-product-tabs-layout-accordion","13":"first","14":"instock","15":"featured","16":"shipping-taxable","17":"product-type-simple"},"uagb_featured_image_src":{"full":["https:\/\/xrhydraulicsystem.com\/wp-content\/uploads\/2025\/05\/\u5fae\u578b\u76f4\u6d41\u52a8\u529b\u5355\u51433.jpg",1200,1200,false],"thumbnail":["https:\/\/xrhydraulicsystem.com\/wp-content\/uploads\/2025\/05\/\u5fae\u578b\u76f4\u6d41\u52a8\u529b\u5355\u51433-150x150.jpg",150,150,true],"medium":["https:\/\/xrhydraulicsystem.com\/wp-content\/uploads\/2025\/05\/\u5fae\u578b\u76f4\u6d41\u52a8\u529b\u5355\u51433-300x300.jpg",300,300,true],"medium_large":["https:\/\/xrhydraulicsystem.com\/wp-content\/uploads\/2025\/05\/\u5fae\u578b\u76f4\u6d41\u52a8\u529b\u5355\u51433-768x768.jpg",768,768,true],"large":["https:\/\/xrhydraulicsystem.com\/wp-content\/uploads\/2025\/05\/\u5fae\u578b\u76f4\u6d41\u52a8\u529b\u5355\u51433-1024x1024.jpg",1024,1024,true],"1536x1536":["https:\/\/xrhydraulicsystem.com\/wp-content\/uploads\/2025\/05\/\u5fae\u578b\u76f4\u6d41\u52a8\u529b\u5355\u51433.jpg",1200,1200,false],"2048x2048":["https:\/\/xrhydraulicsystem.com\/wp-content\/uploads\/2025\/05\/\u5fae\u578b\u76f4\u6d41\u52a8\u529b\u5355\u51433.jpg",1200,1200,false],"trp-custom-language-flag":["https:\/\/xrhydraulicsystem.com\/wp-content\/uploads\/2025\/05\/\u5fae\u578b\u76f4\u6d41\u52a8\u529b\u5355\u51433-12x12.jpg",12,12,true],"woocommerce_thumbnail":["https:\/\/xrhydraulicsystem.com\/wp-content\/uploads\/2025\/05\/\u5fae\u578b\u76f4\u6d41\u52a8\u529b\u5355\u51433-300x300.jpg",300,300,true],"woocommerce_single":["https:\/\/xrhydraulicsystem.com\/wp-content\/uploads\/2025\/05\/\u5fae\u578b\u76f4\u6d41\u52a8\u529b\u5355\u51433-600x600.jpg",600,600,true],"woocommerce_gallery_thumbnail":["https:\/\/xrhydraulicsystem.com\/wp-content\/uploads\/2025\/05\/\u5fae\u578b\u76f4\u6d41\u52a8\u529b\u5355\u51433-100x100.jpg",100,100,true]},"uagb_author_info":{"display_name":"jinxing6611@gmail.com","author_link":"https:\/\/xrhydraulicsystem.com\/vi\/author\/"},"uagb_comment_info":0,"uagb_excerpt":"A compact, high-efficiency solution for reliable power delivery, our Micro DC Power Unit offers stable DC output\u00a0 in a ultra-small form factor. Designed with over-voltage\/short-circuit protection and silent operation, it suits space-constrained applications like robotics, medical devices, and IoT sensors. With wide temperature tolerance\u00a0 and plug-and-play compatibility , it ensures seamless integration in automotive, industrial,&hellip;","_links":{"self":[{"href":"https:\/\/xrhydraulicsystem.com\/vi\/wp-json\/wp\/v2\/product\/3995","targetHints":{"allow":["GET"]}}],"collection":[{"href":"https:\/\/xrhydraulicsystem.com\/vi\/wp-json\/wp\/v2\/product"}],"about":[{"href":"https:\/\/xrhydraulicsystem.com\/vi\/wp-json\/wp\/v2\/types\/product"}],"wp:featuredmedia":[{"embeddable":true,"href":"https:\/\/xrhydraulicsystem.com\/vi\/wp-json\/wp\/v2\/media\/4230"}],"wp:attachment":[{"href":"https:\/\/xrhydraulicsystem.com\/vi\/wp-json\/wp\/v2\/media?parent=3995"}],"wp:term":[{"taxonomy":"product_brand","embeddable":true,"href":"https:\/\/xrhydraulicsystem.com\/vi\/wp-json\/wp\/v2\/product_brand?post=3995"},{"taxonomy":"product_cat","embeddable":true,"href":"https:\/\/xrhydraulicsystem.com\/vi\/wp-json\/wp\/v2\/product_cat?post=3995"},{"taxonomy":"product_tag","embeddable":true,"href":"https:\/\/xrhydraulicsystem.com\/vi\/wp-json\/wp\/v2\/product_tag?post=3995"}],"curies":[{"name":"wp","href":"https:\/\/api.w.org\/{rel}","templated":true}]}}