{"id":4006,"date":"2025-05-21T12:01:29","date_gmt":"2025-05-21T12:01:29","guid":{"rendered":"https:\/\/xrhydraulicsystem.com\/?post_type=product&#038;p=4006"},"modified":"2025-08-09T10:04:14","modified_gmt":"2025-08-09T10:04:14","slug":"laser-cutting-head-and-cutting-head-accessories","status":"publish","type":"product","link":"https:\/\/xrhydraulicsystem.com\/vi\/san-pham\/laser-cutting-head-and-cutting-head-accessories\/","title":{"rendered":"H\u1ec7 th\u1ed1ng v\u00e0 thi\u1ebft b\u1ecb th\u1ee7y l\u1ef1c"},"content":{"rendered":"<h4 class=\"header-OdWb_u auto-hide-last-sibling-br\"><strong>T\u1ed5ng quan v\u1ec1 s\u1ea3n ph\u1ea9m\uff1a<\/strong><\/h4>\n<div class=\"auto-hide-last-sibling-br paragraph-Oc488D paragraph-element br-paragraph-space\">H\u1ec7 th\u1ed1ng v\u00e0 thi\u1ebft b\u1ecb th\u1ee7y l\u1ef1c c\u1ee7a ch\u00fang t\u00f4i k\u1ebft h\u1ee3p c\u00f4ng ngh\u1ec7 k\u1ef9 thu\u1eadt ch\u00ednh x\u00e1c v\u1edbi hi\u1ec7u su\u1ea5t b\u1ec1n b\u1ec9, cung c\u1ea5p c\u00e1c gi\u1ea3i ph\u00e1p truy\u1ec1n \u0111\u1ed9ng th\u1ee7y l\u1ef1c \u0111\u00e1ng tin c\u1eady cho nhi\u1ec1u \u1ee9ng d\u1ee5ng c\u00f4ng nghi\u1ec7p \u0111a d\u1ea1ng. T\u1eeb c\u00e1c \u0111\u01a1n v\u1ecb th\u1ee7y l\u1ef1c nh\u1ecf g\u1ecdn \u0111\u1ebfn c\u00e1c h\u1ec7 th\u1ed1ng \u0111a m\u1ea1ch ph\u1ee9c t\u1ea1p, m\u1ed7i thi\u1ebft k\u1ebf \u0111\u1ec1u \u01b0u ti\u00ean hi\u1ec7u qu\u1ea3 n\u0103ng l\u01b0\u1ee3ng, an to\u00e0n v\u1eadn h\u00e0nh v\u00e0 t\u00ednh d\u1ec5 b\u1ea3o tr\u00ec.<\/div>\n<h4 class=\"header-OdWb_u auto-hide-last-sibling-br\"><strong>C\u1ea5u tr\u00fac h\u1ec7 th\u1ed1ng &amp; T\u00ednh n\u0103ng ch\u00ednh\uff1a<\/strong><\/h4>\n<ul class=\"auto-hide-last-sibling-br\">\n<li><strong>C\u00e1c th\u00e0nh ph\u1ea7n ch\u00ednh c\u1ee7a \u0111\u01a1n v\u1ecb ngu\u1ed3n \u0111i\u1ec7n<\/strong>:\n<ul class=\"auto-hide-last-sibling-br\">\n<li><strong>B\u01a1m th\u1ee7y l\u1ef1c<\/strong>B\u01a1m b\u00e1nh r\u0103ng, b\u01a1m c\u00e1nh g\u1ea1t ho\u1eb7c b\u01a1m piston (v\u1edbi \u00e1p su\u1ea5t l\u00ean \u0111\u1ebfn 45MPa) c\u00f3 dung t\u00edch bi\u1ebfn \u0111\u1ed5i \u0111\u1ec3 \u0111i\u1ec1u khi\u1ec3n l\u01b0u l\u01b0\u1ee3ng ch\u00ednh x\u00e1c.<\/li>\n<li><strong>\u0110\u1ed9ng c\u01a1 &amp; H\u1ec7 th\u1ed1ng truy\u1ec1n \u0111\u1ed9ng<\/strong>: \u0110\u1ed9ng c\u01a1 \u0111i\u1ec7n IE3\/IE4 (1,5 kW\u2013100 kW) t\u01b0\u01a1ng th\u00edch v\u1edbi l\u01b0\u1edbi \u0111i\u1ec7n 220 V\/380 V\/415 V; t\u00f9y ch\u1ecdn \u0111\u1ed9ng c\u01a1 diesel\/hydraulic hybrid cho c\u00e1c \u1ee9ng d\u1ee5ng di \u0111\u1ed9ng.<\/li>\n<li><strong>B\u1ec3 ch\u1ee9a &amp; L\u1ecdc<\/strong>B\u1ed3n ch\u1ee9a th\u00e9p kh\u00f4ng g\u1ec9 (10L\u2013500L) v\u1edbi \u0111\u1ed9 l\u1ecdc \u226410\u03bcm \u0111\u1ec3 \u0111\u1ea3m b\u1ea3o \u0111\u1ed9 s\u1ea1ch c\u1ee7a d\u1ea7u.<\/li>\n<\/ul>\n<\/li>\n<li><strong>H\u1ec7 th\u1ed1ng \u0111i\u1ec1u khi\u1ec3n v\u00e0 truy\u1ec1n \u0111\u1ed9ng<\/strong>:\n<ul class=\"auto-hide-last-sibling-br\">\n<li><strong>B\u1ed9 van<\/strong>Van t\u1ef7 l\u1ec7, van solenoid ho\u1eb7c van \u0111i\u1ec1u khi\u1ec3n b\u1eb1ng tay cho vi\u1ec7c \u0111i\u1ec1u khi\u1ec3n \u00e1p su\u1ea5t, l\u01b0u l\u01b0\u1ee3ng v\u00e0 h\u01b0\u1edbng; giao di\u1ec7n PLC t\u00edch h\u1ee3p cho t\u1ef1 \u0111\u1ed9ng h\u00f3a.<\/li>\n<li><strong>Xilanh &amp; \u0110\u1ed9ng c\u01a1<\/strong>Xy lanh th\u1ee7y l\u1ef1c (\u0111\u01b0\u1eddng k\u00ednh l\u1ed7 25mm\u2013300mm) v\u00e0 \u0111\u1ed9ng c\u01a1 piston\/\u0111\u1ed9ng c\u01a1 tr\u1ee5c quay cho chuy\u1ec3n \u0111\u1ed9ng tuy\u1ebfn t\u00ednh\/xoay.<\/li>\n<\/ul>\n<\/li>\n<li><strong>C\u1ea3i ti\u1ebfn v\u1ec1 An to\u00e0n v\u00e0 Hi\u1ec7u qu\u1ea3<\/strong>:\n<ul class=\"auto-hide-last-sibling-br\">\n<li>B\u1ea3o v\u1ec7 qu\u00e1 \u00e1p (t\u1ef1 \u0111\u1ed9ng ng\u1eaft khi \u00e1p su\u1ea5t \u0111\u1ea1t 110%) v\u00e0 c\u1ea3m bi\u1ebfn qu\u00e1 nhi\u1ec7t.<\/li>\n<li>H\u1ec7 th\u1ed1ng thu h\u1ed3i n\u0103ng l\u01b0\u1ee3ng (m\u1ea1ch t\u00e1i t\u1ea1o) gi\u00fap gi\u1ea3m ti\u00eau th\u1ee5 \u0111i\u1ec7n n\u0103ng l\u00ean \u0111\u1ebfn 25%.<\/li>\n<\/ul>\n<\/li>\n<\/ul>\n<h4 class=\"header-OdWb_u auto-hide-last-sibling-br\"><strong>\u01afu \u0111i\u1ec3m c\u1ee7a h\u1ec7 th\u1ed1ng m\u00f4-\u0111un\uff1a<\/strong><\/h4>\n<ul class=\"auto-hide-last-sibling-br\">\n<li><strong>Kh\u1ea3 n\u0103ng t\u00f9y ch\u1ec9nh<\/strong>:\n<ul class=\"auto-hide-last-sibling-br\">\n<li>C\u00e1c m\u00f4-\u0111un c\u1eafm v\u00e0 ch\u1ea1y (b\u1ed9 ngu\u1ed3n, kh\u1ed1i \u0111i\u1ec1u khi\u1ec3n, c\u1ee5m b\u1ed9 truy\u1ec1n \u0111\u1ed9ng) cho vi\u1ec7c t\u00edch h\u1ee3p h\u1ec7 th\u1ed1ng nhanh ch\u00f3ng.<\/li>\n<li>C\u1ea5u h\u00ecnh chuy\u00ean d\u1ee5ng cho t\u1eebng ng\u00e0nh (v\u00ed d\u1ee5: mi\u1ebfng \u0111\u1ec7m \u0111\u1ea1t ti\u00eau chu\u1ea9n th\u1ef1c ph\u1ea9m cho \u1ee9ng d\u1ee5ng d\u01b0\u1ee3c ph\u1ea9m).<\/li>\n<\/ul>\n<\/li>\n<li><strong>\u0110\u1ed9 tin c\u1eady<\/strong>:\n<ul class=\"auto-hide-last-sibling-br\">\n<li>S\u1ea3n xu\u1ea5t \u0111\u01b0\u1ee3c ch\u1ee9ng nh\u1eadn ISO 9001 \u0111\u1ea3m b\u1ea3o \u0111\u1ed9 b\u1ec1n c\u1ee7a c\u00e1c b\u1ed9 ph\u1eadn; th\u1eddi gian trung b\u00ecnh gi\u1eefa c\u00e1c l\u1ea7n h\u1ecfng h\u00f3c (MTBF) \u226510.000 gi\u1edd.<\/li>\n<\/ul>\n<\/li>\n<li><strong>Kh\u1ea3 n\u0103ng b\u1ea3o tr\u00ec<\/strong>:\n<ul class=\"auto-hide-last-sibling-br\">\n<li>C\u00e1c \u0111\u1ea7u n\u1ed1i th\u00e1o l\u1eafp nhanh v\u00e0 c\u1ed5ng ch\u1ea9n \u0111o\u00e1n gi\u00fap gi\u1ea3m th\u1eddi gian ng\u1eebng ho\u1ea1t \u0111\u1ed9ng do b\u1ea3o tr\u00ec.<\/li>\n<\/ul>\n<\/li>\n<\/ul>\n<h4 class=\"header-OdWb_u auto-hide-last-sibling-br\"><strong>C\u00e1c t\u00ecnh hu\u1ed1ng \u1ee9ng d\u1ee5ng\uff1a<\/strong><\/h4>\n<ul class=\"auto-hide-last-sibling-br\">\n<li><strong>M\u00e1y m\u00f3c c\u00f4ng nghi\u1ec7p<\/strong>:\n<ul class=\"auto-hide-last-sibling-br\">\n<li>M\u00e1y \u00e9p, m\u00e1y \u00e9p phun v\u00e0 thi\u1ebft b\u1ecb gia c\u00f4ng kim lo\u1ea1i.<\/li>\n<\/ul>\n<\/li>\n<li><strong>X\u00e2y d\u1ef1ng &amp; Khai th\u00e1c m\u1ecf<\/strong>:\n<ul class=\"auto-hide-last-sibling-br\">\n<li>M\u00e1y \u0111\u00e0o, c\u1ea7n c\u1ea9u, m\u00e1y \u0111\u1eadp th\u1ee7y l\u1ef1c v\u00e0 h\u1ec7 th\u1ed1ng khai th\u00e1c m\u1ecf ng\u1ea7m.<\/li>\n<\/ul>\n<\/li>\n<li><strong>H\u00e0ng h\u1ea3i &amp; D\u1ea7u kh\u00ed ngo\u00e0i kh\u01a1i<\/strong>:\n<ul class=\"auto-hide-last-sibling-br\">\n<li>H\u1ec7 th\u1ed1ng \u0111i\u1ec1u khi\u1ec3n h\u01b0\u1edbng t\u00e0u, c\u1ea7n c\u1ea9u tr\u00ean boong v\u00e0 c\u01a1 ch\u1ebf n\u00e2ng h\u1ea1 tr\u00ean gi\u00e0n khoan ngo\u00e0i kh\u01a1i.<\/li>\n<\/ul>\n<\/li>\n<li><strong>N\u0103ng l\u01b0\u1ee3ng t\u00e1i t\u1ea1o<\/strong>:\n<ul class=\"auto-hide-last-sibling-br\">\n<li>\u0110i\u1ec1u khi\u1ec3n g\u00f3c nghi\u00eang tuabin gi\u00f3, h\u1ec7 th\u1ed1ng theo d\u00f5i m\u1eb7t tr\u1eddi v\u00e0 b\u1ed9 truy\u1ec1n \u0111\u1ed9ng th\u1ee7y \u0111i\u1ec7n.<\/li>\n<\/ul>\n<\/li>\n<\/ul>","protected":false},"excerpt":{"rendered":"<p>H\u1ec7 th\u1ed1ng v\u00e0 thi\u1ebft b\u1ecb th\u1ee7y l\u1ef1c c\u1ee7a ch\u00fang t\u00f4i k\u1ebft h\u1ee3p c\u00f4ng ngh\u1ec7 k\u1ef9 thu\u1eadt ch\u00ednh x\u00e1c v\u1edbi hi\u1ec7u su\u1ea5t b\u1ec1n b\u1ec9, cung c\u1ea5p c\u00e1c gi\u1ea3i ph\u00e1p truy\u1ec1n \u0111\u1ed9ng th\u1ee7y l\u1ef1c \u0111\u00e1ng tin c\u1eady cho nhi\u1ec1u \u1ee9ng d\u1ee5ng c\u00f4ng nghi\u1ec7p \u0111a d\u1ea1ng. T\u1eeb c\u00e1c \u0111\u01a1n v\u1ecb th\u1ee7y l\u1ef1c nh\u1ecf g\u1ecdn \u0111\u1ebfn c\u00e1c h\u1ec7 th\u1ed1ng \u0111a m\u1ea1ch ph\u1ee9c t\u1ea1p, m\u1ed7i thi\u1ebft k\u1ebf \u0111\u1ec1u \u01b0u ti\u00ean hi\u1ec7u qu\u1ea3 n\u0103ng l\u01b0\u1ee3ng, an to\u00e0n v\u1eadn h\u00e0nh v\u00e0 t\u00ednh d\u1ec5 b\u1ea3o tr\u00ec.<\/p>","protected":false},"featured_media":4742,"template":"","meta":{"_seopress_robots_primary_cat":"none","_seopress_titles_title":"","_seopress_titles_desc":"","_seopress_robots_index":"","_uag_custom_page_level_css":"","site-sidebar-layout":"default","site-content-layout":"","ast-site-content-layout":"default","site-content-style":"default","site-sidebar-style":"default","ast-global-header-display":"","ast-banner-title-visibility":"","ast-main-header-display":"","ast-hfb-above-header-display":"","ast-hfb-below-header-display":"","ast-hfb-mobile-header-display":"","site-post-title":"","ast-breadcrumbs-content":"","ast-featured-img":"","footer-sml-layout":"","ast-disable-related-posts":"","theme-transparent-header-meta":"default","adv-header-id-meta":"","stick-header-meta":"default","header-above-stick-meta":"","header-main-stick-meta":"","header-below-stick-meta":"","astra-migrate-meta-layouts":"set","ast-page-background-enabled":"default","ast-page-background-meta":{"desktop":{"background-color":"","background-image":"","background-repeat":"repeat","background-position":"center center","background-size":"auto","background-attachment":"scroll","background-type":"","background-media":"","overlay-type":"","overlay-color":"","overlay-opacity":"","overlay-gradient":""},"tablet":{"background-color":"","background-image":"","background-repeat":"repeat","background-position":"center center","background-size":"auto","background-attachment":"scroll","background-type":"","background-media":"","overlay-type":"","overlay-color":"","overlay-opacity":"","overlay-gradient":""},"mobile":{"background-color":"","background-image":"","background-repeat":"repeat","background-position":"center center","background-size":"auto","background-attachment":"scroll","background-type":"","background-media":"","overlay-type":"","overlay-color":"","overlay-opacity":"","overlay-gradient":""}},"ast-content-background-meta":{"desktop":{"background-color":"var(--ast-global-color-5)","background-image":"","background-repeat":"repeat","background-position":"center center","background-size":"auto","background-attachment":"scroll","background-type":"","background-media":"","overlay-type":"","overlay-color":"","overlay-opacity":"","overlay-gradient":""},"tablet":{"background-color":"var(--ast-global-color-5)","background-image":"","background-repeat":"repeat","background-position":"center center","background-size":"auto","background-attachment":"scroll","background-type":"","background-media":"","overlay-type":"","overlay-color":"","overlay-opacity":"","overlay-gradient":""},"mobile":{"background-color":"var(--ast-global-color-5)","background-image":"","background-repeat":"repeat","background-position":"center center","background-size":"auto","background-attachment":"scroll","background-type":"","background-media":"","overlay-type":"","overlay-color":"","overlay-opacity":"","overlay-gradient":""}}},"product_brand":[],"product_cat":[75],"product_tag":[],"class_list":{"0":"post-4006","1":"product","2":"type-product","3":"status-publish","4":"has-post-thumbnail","6":"product_cat-hydraulics","7":"desktop-align-left","8":"tablet-align-left","9":"mobile-align-left","10":"ast-product-gallery-layout-horizontal-slider","11":"ast-product-tabs-layout-accordion","13":"first","14":"instock","15":"shipping-taxable","16":"product-type-simple"},"uagb_featured_image_src":{"full":["https:\/\/xrhydraulicsystem.com\/wp-content\/uploads\/2025\/05\/8f8123809d783518fc8f10e5137115f.jpg",1200,1200,false],"thumbnail":["https:\/\/xrhydraulicsystem.com\/wp-content\/uploads\/2025\/05\/8f8123809d783518fc8f10e5137115f-150x150.jpg",150,150,true],"medium":["https:\/\/xrhydraulicsystem.com\/wp-content\/uploads\/2025\/05\/8f8123809d783518fc8f10e5137115f-300x300.jpg",300,300,true],"medium_large":["https:\/\/xrhydraulicsystem.com\/wp-content\/uploads\/2025\/05\/8f8123809d783518fc8f10e5137115f-768x768.jpg",768,768,true],"large":["https:\/\/xrhydraulicsystem.com\/wp-content\/uploads\/2025\/05\/8f8123809d783518fc8f10e5137115f-1024x1024.jpg",1024,1024,true],"1536x1536":["https:\/\/xrhydraulicsystem.com\/wp-content\/uploads\/2025\/05\/8f8123809d783518fc8f10e5137115f.jpg",1200,1200,false],"2048x2048":["https:\/\/xrhydraulicsystem.com\/wp-content\/uploads\/2025\/05\/8f8123809d783518fc8f10e5137115f.jpg",1200,1200,false],"trp-custom-language-flag":["https:\/\/xrhydraulicsystem.com\/wp-content\/uploads\/2025\/05\/8f8123809d783518fc8f10e5137115f-12x12.jpg",12,12,true],"woocommerce_thumbnail":["https:\/\/xrhydraulicsystem.com\/wp-content\/uploads\/2025\/05\/8f8123809d783518fc8f10e5137115f-300x300.jpg",300,300,true],"woocommerce_single":["https:\/\/xrhydraulicsystem.com\/wp-content\/uploads\/2025\/05\/8f8123809d783518fc8f10e5137115f-600x600.jpg",600,600,true],"woocommerce_gallery_thumbnail":["https:\/\/xrhydraulicsystem.com\/wp-content\/uploads\/2025\/05\/8f8123809d783518fc8f10e5137115f-100x100.jpg",100,100,true]},"uagb_author_info":{"display_name":"jinxing6611@gmail.com","author_link":"https:\/\/xrhydraulicsystem.com\/vi\/author\/"},"uagb_comment_info":0,"uagb_excerpt":"Our hydraulic systems and devices integrate precision engineering with robust performance, delivering reliable fluid power solutions for diverse industrial applications. From compact hydraulic units to complex multi-circuit systems, each design prioritizes energy efficiency, operational safety, and ease of maintenance.","_links":{"self":[{"href":"https:\/\/xrhydraulicsystem.com\/vi\/wp-json\/wp\/v2\/product\/4006","targetHints":{"allow":["GET"]}}],"collection":[{"href":"https:\/\/xrhydraulicsystem.com\/vi\/wp-json\/wp\/v2\/product"}],"about":[{"href":"https:\/\/xrhydraulicsystem.com\/vi\/wp-json\/wp\/v2\/types\/product"}],"wp:featuredmedia":[{"embeddable":true,"href":"https:\/\/xrhydraulicsystem.com\/vi\/wp-json\/wp\/v2\/media\/4742"}],"wp:attachment":[{"href":"https:\/\/xrhydraulicsystem.com\/vi\/wp-json\/wp\/v2\/media?parent=4006"}],"wp:term":[{"taxonomy":"product_brand","embeddable":true,"href":"https:\/\/xrhydraulicsystem.com\/vi\/wp-json\/wp\/v2\/product_brand?post=4006"},{"taxonomy":"product_cat","embeddable":true,"href":"https:\/\/xrhydraulicsystem.com\/vi\/wp-json\/wp\/v2\/product_cat?post=4006"},{"taxonomy":"product_tag","embeddable":true,"href":"https:\/\/xrhydraulicsystem.com\/vi\/wp-json\/wp\/v2\/product_tag?post=4006"}],"curies":[{"name":"wp","href":"https:\/\/api.w.org\/{rel}","templated":true}]}}