{"id":4010,"date":"2025-05-21T12:05:11","date_gmt":"2025-05-21T12:05:11","guid":{"rendered":"https:\/\/xrhydraulicsystem.com\/?post_type=product&#038;p=4010"},"modified":"2025-06-10T10:11:43","modified_gmt":"2025-06-10T10:11:43","slug":"laser-welding-machine","status":"publish","type":"product","link":"https:\/\/xrhydraulicsystem.com\/vi\/san-pham\/laser-welding-machine\/","title":{"rendered":"380V, 400V, 410V B\u1ed9 ngu\u1ed3n m\u1ed9t k\u00eanh hai chi\u1ec1u"},"content":{"rendered":"<p>&nbsp;<\/p>\n<h3 class=\"header-OdWb_u auto-hide-last-sibling-br\">B\u1ed9 ngu\u1ed3n m\u1ed9t k\u00eanh hai chi\u1ec1u 380V\/400V\/410V<\/h3>\n<h4 class=\"header-OdWb_u auto-hide-last-sibling-br\"><strong>T\u1ed5ng quan v\u1ec1 s\u1ea3n ph\u1ea9m<\/strong><\/h4>\n<div class=\"auto-hide-last-sibling-br paragraph-Oc488D paragraph-element br-paragraph-space\">\u0110\u01b0\u1ee3c thi\u1ebft k\u1ebf cho truy\u1ec1n \u0111\u1ed9ng hai chi\u1ec1u, thi\u1ebft b\u1ecb m\u1ed9t k\u00eanh n\u00e0y h\u1ed7 tr\u1ee3 \u0111i\u1ec7n \u00e1p \u0111\u1ea7u v\u00e0o 380V, 400V v\u00e0 410V, cho ph\u00e9p d\u00f2ng \u0111i\u1ec7n \u0111\u1ea3o chi\u1ec1u trong c\u00e1c \u1ee9ng d\u1ee5ng c\u00f4ng nghi\u1ec7p. K\u1ebft h\u1ee3p gi\u1eefa hi\u1ec7u su\u1ea5t m\u1ea1nh m\u1ebd v\u00e0 kh\u1ea3 n\u0103ng th\u00edch \u1ee9ng v\u1edbi \u0111i\u1ec7n \u00e1p, thi\u1ebft b\u1ecb n\u00e0y cung c\u1ea5p ki\u1ec3m so\u00e1t ch\u00ednh x\u00e1c cho c\u00e1c h\u1ec7 th\u1ed1ng chuy\u1ec3n \u0111\u1ed9ng hai chi\u1ec1u, nh\u01b0 m\u00e1y \u00e9p th\u1ee7y l\u1ef1c, b\u1ec7 n\u00e2ng v\u00e0 m\u00e1y m\u00f3c t\u1ef1 \u0111\u1ed9ng.<\/div>\n<h4 class=\"header-OdWb_u auto-hide-last-sibling-br\"><strong>T\u00ednh n\u0103ng ch\u00ednh<\/strong><\/h4>\n<ul class=\"auto-hide-last-sibling-br\">\n<li><strong>D\u00f2ng \u0111i\u1ec7n hai chi\u1ec1u<\/strong>:\n<ul class=\"auto-hide-last-sibling-br\">\n<li>Van \u0111\u1ea3o chi\u1ec1u t\u00edch h\u1ee3p cho ph\u00e9p truy\u1ec1n \u0111\u1ed9ng \u0111\u1ea3o chi\u1ec1u, lo\u1ea1i b\u1ecf nhu c\u1ea7u s\u1eed d\u1ee5ng c\u00e1c \u0111\u01a1n v\u1ecb ti\u1ebfn\/l\u00f9i ri\u00eang bi\u1ec7t.<\/li>\n<li>T\u00f9y ch\u1ecdn \u0111i\u1ec1u khi\u1ec3n t\u1ef7 l\u1ec7 \u0111\u1ec3 chuy\u1ec3n \u0111\u1ed5i m\u01b0\u1ee3t m\u00e0 gi\u1eefa c\u00e1c ch\u1ebf \u0111\u1ed9 ti\u1ebfn\/l\u00f9i (l\u01b0u l\u01b0\u1ee3ng c\u00f3 th\u1ec3 \u0111i\u1ec1u ch\u1ec9nh t\u1eeb 0\u2013100%).<\/li>\n<\/ul>\n<\/li>\n<li><strong>T\u01b0\u01a1ng th\u00edch v\u1edbi d\u1ea3i \u0111i\u1ec7n \u00e1p r\u1ed9ng<\/strong>:\n<ul class=\"auto-hide-last-sibling-br\">\n<li>H\u1ed7 tr\u1ee3 \u0111\u1ea7u v\u00e0o 380V\/400V\/410V \u00b110% (ba pha, 50\/60Hz), ph\u00f9 h\u1ee3p v\u1edbi c\u00e1c m\u1ea1ng \u0111i\u1ec7n trung \u00e1p to\u00e0n c\u1ea7u (v\u00ed d\u1ee5: Ch\u00e2u \u00c2u, Ch\u00e2u \u00c1, khu c\u00f4ng nghi\u1ec7p).<\/li>\n<\/ul>\n<\/li>\n<li><strong>Thi\u1ebft k\u1ebf hi\u1ec7u su\u1ea5t cao<\/strong>:\n<ul class=\"auto-hide-last-sibling-br\">\n<li>\u0110\u1ed9ng c\u01a1 lo\u1ea1i IE4 k\u1ebft h\u1ee3p v\u1edbi b\u01a1m c\u00f3 dung t\u00edch bi\u1ebfn \u0111\u1ed5i \u0111\u1ea1t hi\u1ec7u su\u1ea5t chuy\u1ec3n \u0111\u1ed5i n\u0103ng l\u01b0\u1ee3ng \u226590%, gi\u00fap gi\u1ea3m chi ph\u00ed v\u1eadn h\u00e0nh.<\/li>\n<\/ul>\n<\/li>\n<li><strong>H\u1ec7 th\u1ed1ng b\u1ea3o v\u1ec7 k\u00e9p<\/strong>:\n<ul class=\"auto-hide-last-sibling-br\">\n<li>B\u1ea3o v\u1ec7 qu\u00e1 \u00e1p\/qu\u00e1 d\u00f2ng cho c\u00e1c th\u00e0nh ph\u1ea7n \u0111i\u1ec7n; van x\u1ea3 \u00e1p cho an to\u00e0n m\u1ea1ch th\u1ee7y l\u1ef1c.<\/li>\n<\/ul>\n<\/li>\n<li><strong>C\u1ea5u tr\u00fac m\u00f4-\u0111un g\u1ecdn nh\u1eb9<\/strong>:\n<ul class=\"auto-hide-last-sibling-br\">\n<li>Thi\u1ebft k\u1ebf m\u1ed9t k\u00eanh gi\u00fap ti\u1ebft ki\u1ec7m di\u1ec7n t\u00edch s\u00e0n; c\u00e1c k\u1ebft n\u1ed1i flange ti\u00eau chu\u1ea9n cho ph\u00e9p t\u00edch h\u1ee3p d\u1ec5 d\u00e0ng v\u1edbi c\u00e1c h\u1ec7 th\u1ed1ng hi\u1ec7n c\u00f3.<\/li>\n<\/ul>\n<\/li>\n<\/ul>\n<h4 class=\"header-OdWb_u auto-hide-last-sibling-br\"><strong>Th\u00f4ng s\u1ed1 k\u1ef9 thu\u1eadt<\/strong><\/h4>\n<table>\n<tbody>\n<tr>\n<td style=\"border: 1pt solid #000000;\">T\u00ean s\u1ea3n ph\u1ea9m<\/td>\n<td style=\"border: 1pt solid #000000;\" colspan=\"2\">T\u00f9y ch\u1ec9nh \u0111\u01a1n h\u01b0\u1edbng cho \u0111\u01a1n v\u1ecb ngu\u1ed3n \u0111i\u1ec7n hai chi\u1ec1u, \u0111\u01a1n v\u1ecb ngu\u1ed3n \u0111i\u1ec7n \u0111\u01a1n h\u01b0\u1edbng, tr\u1ea1m th\u1ee7y l\u1ef1c, h\u1ec7 th\u1ed1ng th\u1ee7y l\u1ef1c, h\u1ec7 th\u1ed1ng v\u00e0 thi\u1ebft b\u1ecb th\u1ee7y l\u1ef1c, tr\u1ea1m b\u01a1m th\u1ee7y l\u1ef1c.<\/td>\n<\/tr>\n<tr>\n<td style=\"border: 1pt solid #000000;\">Ph\u01b0\u01a1ng ti\u1ec7n \u00e1p d\u1ee5ng<\/td>\n<td style=\"border: 1pt solid #000000;\">46# D\u1ea7u th\u1ee7y l\u1ef1c<\/td>\n<td style=\"border: 1pt solid #000000;\">gi\u00e1 \u0111\u01a1n v\u1ecb<\/td>\n<\/tr>\n<tr>\n<td style=\"border: 1pt solid #000000;\" rowspan=\"5\">Th\u00f4ng s\u1ed1 k\u1ef9 thu\u1eadt v\u00e0 m\u1eabu m\u00e3<\/td>\n<td style=\"border: 1pt solid #000000;\">380V 1,1 kW<\/td>\n<td style=\"border: 1pt solid #000000;\">850 Nh\u00e2n d\u00e2n t\u1ec7<\/td>\n<\/tr>\n<tr>\n<td style=\"border: 1pt solid #000000;\">380V 1,5 kW<\/td>\n<td style=\"border: 1pt solid #000000;\">900 Nh\u00e2n d\u00e2n t\u1ec7<\/td>\n<\/tr>\n<tr>\n<td style=\"border: 1pt solid #000000;\">380V 2,2 kW<\/td>\n<td style=\"border: 1pt solid #000000;\">990 Nh\u00e2n d\u00e2n t\u1ec7<\/td>\n<\/tr>\n<tr>\n<td style=\"border: 1pt solid #000000;\">380V 3KW<\/td>\n<td style=\"border: 1pt solid #000000;\">1.050 Nh\u00e2n d\u00e2n t\u1ec7<\/td>\n<\/tr>\n<tr>\n<td style=\"border: 1pt solid #000000;\">380V 4kW<\/td>\n<td style=\"border: 1pt solid #000000;\">1.150 Nh\u00e2n d\u00e2n t\u1ec7<\/td>\n<\/tr>\n<tr>\n<td style=\"border: 1pt solid #000000;\" colspan=\"2\">L\u01b0u l\u01b0\u1ee3ng \u0111\u1ecbnh m\u1ee9c<\/td>\n<td style=\"border: 1pt solid #000000;\">2L-22L<\/td>\n<\/tr>\n<tr>\n<td style=\"border: 1pt solid #000000;\">V\u1eadt li\u1ec7u s\u1ea3n ph\u1ea9m<\/td>\n<td style=\"border: 1pt solid #000000;\" colspan=\"2\">\u0111\u1ed3ng<\/td>\n<\/tr>\n<tr>\n<td style=\"border: 1pt solid #000000;\">Hi\u1ec7u su\u1ea5t s\u1ea3n ph\u1ea9m<\/td>\n<td style=\"border: 1pt solid #000000;\" colspan=\"2\">Hi\u1ec7u su\u1ea5t \u1ed5n \u0111\u1ecbnh<\/td>\n<\/tr>\n<tr>\n<td style=\"border: 1pt solid #000000;\">Ph\u1ea1m vi \u00e1p d\u1ee5ng<\/td>\n<td style=\"border: 1pt solid #000000;\" colspan=\"2\">Thang m\u00e1y, thang m\u00e1y h\u00e0ng h\u00f3a, thang m\u00e1y, b\u1ec7 x\u1ebfp d\u1ee1, thi\u1ebft b\u1ecb x\u1eed l\u00fd, thi\u1ebft b\u1ecb c\u01a1 kh\u00ed<\/td>\n<\/tr>\n<\/tbody>\n<\/table>","protected":false},"excerpt":{"rendered":"<p>\u0110\u01b0\u1ee3c thi\u1ebft k\u1ebf cho truy\u1ec1n \u0111\u1ed9ng hai chi\u1ec1u, thi\u1ebft b\u1ecb m\u1ed9t k\u00eanh n\u00e0y h\u1ed7 tr\u1ee3 \u0111i\u1ec7n \u00e1p \u0111\u1ea7u v\u00e0o 380V, 400V v\u00e0 410V, cho ph\u00e9p d\u00f2ng \u0111i\u1ec7n \u0111\u1ea3o chi\u1ec1u trong c\u00e1c \u1ee9ng d\u1ee5ng c\u00f4ng nghi\u1ec7p. K\u1ebft h\u1ee3p gi\u1eefa hi\u1ec7u su\u1ea5t m\u1ea1nh m\u1ebd v\u00e0 kh\u1ea3 n\u0103ng th\u00edch \u1ee9ng v\u1edbi \u0111i\u1ec7n \u00e1p, thi\u1ebft b\u1ecb n\u00e0y cung c\u1ea5p ki\u1ec3m so\u00e1t ch\u00ednh x\u00e1c cho c\u00e1c h\u1ec7 th\u1ed1ng chuy\u1ec3n \u0111\u1ed9ng hai chi\u1ec1u, nh\u01b0 m\u00e1y \u00e9p th\u1ee7y l\u1ef1c, b\u1ec7 n\u00e2ng v\u00e0 m\u00e1y m\u00f3c t\u1ef1 \u0111\u1ed9ng.<\/p>","protected":false},"featured_media":4727,"template":"","meta":{"_seopress_robots_primary_cat":"none","_seopress_titles_title":"","_seopress_titles_desc":"","_seopress_robots_index":"","_uag_custom_page_level_css":"","site-sidebar-layout":"default","site-content-layout":"","ast-site-content-layout":"default","site-content-style":"default","site-sidebar-style":"default","ast-global-header-display":"","ast-banner-title-visibility":"","ast-main-header-display":"","ast-hfb-above-header-display":"","ast-hfb-below-header-display":"","ast-hfb-mobile-header-display":"","site-post-title":"","ast-breadcrumbs-content":"","ast-featured-img":"","footer-sml-layout":"","ast-disable-related-posts":"","theme-transparent-header-meta":"default","adv-header-id-meta":"","stick-header-meta":"default","header-above-stick-meta":"","header-main-stick-meta":"","header-below-stick-meta":"","astra-migrate-meta-layouts":"set","ast-page-background-enabled":"default","ast-page-background-meta":{"desktop":{"background-color":"","background-image":"","background-repeat":"repeat","background-position":"center center","background-size":"auto","background-attachment":"scroll","background-type":"","background-media":"","overlay-type":"","overlay-color":"","overlay-opacity":"","overlay-gradient":""},"tablet":{"background-color":"","background-image":"","background-repeat":"repeat","background-position":"center center","background-size":"auto","background-attachment":"scroll","background-type":"","background-media":"","overlay-type":"","overlay-color":"","overlay-opacity":"","overlay-gradient":""},"mobile":{"background-color":"","background-image":"","background-repeat":"repeat","background-position":"center center","background-size":"auto","background-attachment":"scroll","background-type":"","background-media":"","overlay-type":"","overlay-color":"","overlay-opacity":"","overlay-gradient":""}},"ast-content-background-meta":{"desktop":{"background-color":"var(--ast-global-color-5)","background-image":"","background-repeat":"repeat","background-position":"center center","background-size":"auto","background-attachment":"scroll","background-type":"","background-media":"","overlay-type":"","overlay-color":"","overlay-opacity":"","overlay-gradient":""},"tablet":{"background-color":"var(--ast-global-color-5)","background-image":"","background-repeat":"repeat","background-position":"center center","background-size":"auto","background-attachment":"scroll","background-type":"","background-media":"","overlay-type":"","overlay-color":"","overlay-opacity":"","overlay-gradient":""},"mobile":{"background-color":"var(--ast-global-color-5)","background-image":"","background-repeat":"repeat","background-position":"center center","background-size":"auto","background-attachment":"scroll","background-type":"","background-media":"","overlay-type":"","overlay-color":"","overlay-opacity":"","overlay-gradient":""}}},"product_brand":[],"product_cat":[77],"product_tag":[],"class_list":{"0":"post-4010","1":"product","2":"type-product","3":"status-publish","4":"has-post-thumbnail","6":"product_cat-communication","7":"desktop-align-left","8":"tablet-align-left","9":"mobile-align-left","10":"ast-product-gallery-layout-horizontal-slider","11":"ast-product-tabs-layout-accordion","13":"first","14":"instock","15":"featured","16":"shipping-taxable","17":"product-type-simple"},"uagb_featured_image_src":{"full":["https:\/\/xrhydraulicsystem.com\/wp-content\/uploads\/2025\/05\/IMG_20240503_115943.jpg",1200,1200,false],"thumbnail":["https:\/\/xrhydraulicsystem.com\/wp-content\/uploads\/2025\/05\/IMG_20240503_115943-150x150.jpg",150,150,true],"medium":["https:\/\/xrhydraulicsystem.com\/wp-content\/uploads\/2025\/05\/IMG_20240503_115943-300x300.jpg",300,300,true],"medium_large":["https:\/\/xrhydraulicsystem.com\/wp-content\/uploads\/2025\/05\/IMG_20240503_115943-768x768.jpg",768,768,true],"large":["https:\/\/xrhydraulicsystem.com\/wp-content\/uploads\/2025\/05\/IMG_20240503_115943-1024x1024.jpg",1024,1024,true],"1536x1536":["https:\/\/xrhydraulicsystem.com\/wp-content\/uploads\/2025\/05\/IMG_20240503_115943.jpg",1200,1200,false],"2048x2048":["https:\/\/xrhydraulicsystem.com\/wp-content\/uploads\/2025\/05\/IMG_20240503_115943.jpg",1200,1200,false],"trp-custom-language-flag":["https:\/\/xrhydraulicsystem.com\/wp-content\/uploads\/2025\/05\/IMG_20240503_115943-12x12.jpg",12,12,true],"woocommerce_thumbnail":["https:\/\/xrhydraulicsystem.com\/wp-content\/uploads\/2025\/05\/IMG_20240503_115943-300x300.jpg",300,300,true],"woocommerce_single":["https:\/\/xrhydraulicsystem.com\/wp-content\/uploads\/2025\/05\/IMG_20240503_115943-600x600.jpg",600,600,true],"woocommerce_gallery_thumbnail":["https:\/\/xrhydraulicsystem.com\/wp-content\/uploads\/2025\/05\/IMG_20240503_115943-100x100.jpg",100,100,true]},"uagb_author_info":{"display_name":"jinxing6611@gmail.com","author_link":"https:\/\/xrhydraulicsystem.com\/vi\/author\/"},"uagb_comment_info":0,"uagb_excerpt":"Engineered for dual-directional power transmission, this single-channel unit supports input voltages of 380V, 400V, and 410V, enabling reversible power flow in industrial applications. Combining robust performance with voltage adaptability, it delivers precise control for bidirectional motion systems, such as hydraulic presses, lifting platforms, and automated machinery.","_links":{"self":[{"href":"https:\/\/xrhydraulicsystem.com\/vi\/wp-json\/wp\/v2\/product\/4010","targetHints":{"allow":["GET"]}}],"collection":[{"href":"https:\/\/xrhydraulicsystem.com\/vi\/wp-json\/wp\/v2\/product"}],"about":[{"href":"https:\/\/xrhydraulicsystem.com\/vi\/wp-json\/wp\/v2\/types\/product"}],"wp:featuredmedia":[{"embeddable":true,"href":"https:\/\/xrhydraulicsystem.com\/vi\/wp-json\/wp\/v2\/media\/4727"}],"wp:attachment":[{"href":"https:\/\/xrhydraulicsystem.com\/vi\/wp-json\/wp\/v2\/media?parent=4010"}],"wp:term":[{"taxonomy":"product_brand","embeddable":true,"href":"https:\/\/xrhydraulicsystem.com\/vi\/wp-json\/wp\/v2\/product_brand?post=4010"},{"taxonomy":"product_cat","embeddable":true,"href":"https:\/\/xrhydraulicsystem.com\/vi\/wp-json\/wp\/v2\/product_cat?post=4010"},{"taxonomy":"product_tag","embeddable":true,"href":"https:\/\/xrhydraulicsystem.com\/vi\/wp-json\/wp\/v2\/product_tag?post=4010"}],"curies":[{"name":"wp","href":"https:\/\/api.w.org\/{rel}","templated":true}]}}