{"id":4025,"date":"2025-05-21T13:22:25","date_gmt":"2025-05-21T13:22:25","guid":{"rendered":"https:\/\/xrhydraulicsystem.com\/?post_type=product&#038;p=4025"},"modified":"2025-08-22T02:42:04","modified_gmt":"2025-08-22T02:42:04","slug":"cqwy-sup20s-21t-23t-series-laser-welding-nozzle","status":"publish","type":"product","link":"https:\/\/xrhydraulicsystem.com\/vi\/san-pham\/cqwy-sup20s-21t-23t-series-laser-welding-nozzle\/","title":{"rendered":"B\u1ed9 ngu\u1ed3n thang m\u00e1y gia \u0111\u00ecnh, B\u1ed9 ngu\u1ed3n kh\u00f4ng ti\u1ebfng \u1ed3n, B\u1ed9 ngu\u1ed3n ng\u00e2m d\u1ea7u"},"content":{"rendered":"<h3 class=\"header-OdWb_u auto-hide-last-sibling-br\">H\u1ec7 th\u1ed1ng \u0111\u1ed9ng l\u1ef1c thang m\u00e1y gia \u0111\u00ecnh: M\u1eabu kh\u00f4ng ti\u1ebfng \u1ed3n v\u00e0 ng\u00e2m d\u1ea7u<\/h3>\n<h4 class=\"header-OdWb_u auto-hide-last-sibling-br\"><strong>T\u1ed5ng quan v\u1ec1 danh m\u1ee5c s\u1ea3n ph\u1ea9m<\/strong><\/h4>\n<div class=\"auto-hide-last-sibling-br paragraph-Oc488D paragraph-element br-paragraph-space\">D\u00e0nh cho h\u1ec7 th\u1ed1ng thang m\u00e1y d\u00e2n d\u1ee5ng, d\u00f2ng s\u1ea3n ph\u1ea9m b\u1ed9 ngu\u1ed3n c\u1ee7a ch\u00fang t\u00f4i bao g\u1ed3m\u00a0<strong>kh\u00f4ng \u1ed3n (\u00edt \u1ed3n)<\/strong>\u00a0v\u00e0\u00a0<strong>ng\u00e2m d\u1ea7u<\/strong>\u00a0C\u00e1c c\u1ea5u h\u00ecnh k\u1ebft h\u1ee3p gi\u1eefa an to\u00e0n, hi\u1ec7u qu\u1ea3 n\u0103ng l\u01b0\u1ee3ng v\u00e0 ho\u1ea1t \u0111\u1ed9ng \u00eam \u00e1i \u0111\u1ec3 \u0111\u00e1p \u1ee9ng c\u00e1c y\u00eau c\u1ea7u \u0111\u1eb7c th\u00f9 c\u1ee7a c\u00e1c \u1ee9ng d\u1ee5ng gia \u0111\u00ecnh.<\/div>\n<h3 class=\"header-OdWb_u auto-hide-last-sibling-br\">1. B\u1ed9 ngu\u1ed3n thang m\u00e1y gia \u0111\u00ecnh kh\u00f4ng ti\u1ebfng \u1ed3n<\/h3>\n<h4 class=\"header-OdWb_u auto-hide-last-sibling-br\"><strong>T\u00ednh n\u0103ng ch\u00ednh<\/strong><\/h4>\n<ul class=\"auto-hide-last-sibling-br\">\n<li><strong>Ho\u1ea1t \u0111\u1ed9ng c\u1ef1c k\u1ef3 \u00eam \u00e1i<\/strong>\u0110\u01b0\u1ee3c thi\u1ebft k\u1ebf v\u1edbi v\u1eadt li\u1ec7u c\u00e1ch \u00e2m v\u00e0 c\u00e1c th\u00e0nh ph\u1ea7n c\u00e1ch ly rung \u0111\u1ed9ng, \u0111\u1ea1t m\u1ee9c ti\u1ebfng \u1ed3n \u226445dB (\u1edf kho\u1ea3ng c\u00e1ch 1m), l\u00fd t\u01b0\u1edfng cho m\u00f4i tr\u01b0\u1eddng d\u00e2n c\u01b0.<\/li>\n<li><strong>Thi\u1ebft k\u1ebf g\u1ecdn nh\u1eb9<\/strong>C\u1ea5u tr\u00fac ti\u1ebft ki\u1ec7m kh\u00f4ng gian ph\u00f9 h\u1ee3p cho c\u00e1c ph\u00f2ng m\u00e1y nh\u1ecf ho\u1eb7c l\u1eafp \u0111\u1eb7t trong h\u1ed1, gi\u00fap gi\u1ea3m thi\u1ec3u s\u1ef1 can thi\u1ec7p v\u00e0o ki\u1ebfn tr\u00fac c\u1ee7a ng\u00f4i nh\u00e0.<\/li>\n<li><strong>H\u1ec7 th\u1ed1ng truy\u1ec1n \u0111\u1ed9ng ti\u1ebft ki\u1ec7m n\u0103ng l\u01b0\u1ee3ng<\/strong>: Motor servo hi\u1ec7u su\u1ea5t cao ho\u1eb7c b\u1ed9 bi\u1ebfn t\u1ea7n t\u1ea7n s\u1ed1 bi\u1ebfn \u0111\u1ed5i (VFD) gi\u00fap gi\u1ea3m ti\u00eau th\u1ee5 \u0111i\u1ec7n n\u0103ng l\u00ean \u0111\u1ebfn 30% so v\u1edbi c\u00e1c h\u1ec7 th\u1ed1ng truy\u1ec1n th\u1ed1ng.<\/li>\n<li><strong>T\u00edch h\u1ee3p an to\u00e0n<\/strong>B\u1ea3o v\u1ec7 qu\u00e1 t\u1ea3i, ch\u1ee9c n\u0103ng d\u1eebng kh\u1ea9n c\u1ea5p v\u00e0 ch\u1ea9n \u0111o\u00e1n l\u1ed7i t\u1ef1 \u0111\u1ed9ng \u0111\u1ec3 \u0111\u1ea3m b\u1ea3o s\u1eed d\u1ee5ng an to\u00e0n t\u1ea1i gia \u0111\u00ecnh.<\/li>\n<li><strong>L\u1eafp \u0111\u1eb7t d\u1ec5 d\u00e0ng<\/strong>Thi\u1ebft k\u1ebf c\u1eafm v\u00e0 ch\u1ea1y v\u1edbi c\u00e1c m\u1ea1ch th\u1ee7y l\u1ef1c\/kh\u00ed n\u00e9n \u0111\u00e3 \u0111\u01b0\u1ee3c l\u1eafp r\u00e1p s\u1eb5n, gi\u00fap gi\u1ea3m th\u1eddi gian l\u1eafp \u0111\u1eb7t t\u1ea1i hi\u1ec7n tr\u01b0\u1eddng.<\/li>\n<\/ul>\n<h4 class=\"header-OdWb_u auto-hide-last-sibling-br\"><strong>C\u00e1c t\u00ecnh hu\u1ed1ng \u1ee9ng d\u1ee5ng<\/strong><\/h4>\n<ul class=\"auto-hide-last-sibling-br\">\n<li>Nh\u00e0 \u1edf (c\u00e1c t\u00f2a nh\u00e0 t\u1eeb 2 \u0111\u1ebfn 5 t\u1ea7ng)<\/li>\n<li>Nh\u1eefng bi\u1ec7t th\u1ef1 cao c\u1ea5p \u0111\u00e1p \u1ee9ng c\u00e1c y\u00eau c\u1ea7u v\u1ec1 th\u1ea9m m\u1ef9 v\u00e0 ch\u1ed1ng \u1ed3n.<\/li>\n<li>C\u1ea3i t\u1ea1o thang m\u00e1y gia \u0111\u00ecnh y\u00eau c\u1ea7u ho\u1ea1t \u0111\u1ed9ng \u00eam \u00e1i<\/li>\n<\/ul>\n<h3 class=\"header-OdWb_u auto-hide-last-sibling-br\">2. B\u1ed9 ngu\u1ed3n \u0111i\u1ec7n thang m\u00e1y gia \u0111\u00ecnh ng\u00e2m d\u1ea7u<\/h3>\n<h4 class=\"header-OdWb_u auto-hide-last-sibling-br\"><strong>T\u00ednh n\u0103ng ch\u00ednh<\/strong><\/h4>\n<ul class=\"auto-hide-last-sibling-br\">\n<li><strong>H\u1ec7 th\u1ed1ng l\u00e0m m\u00e1t d\u1ea7u \u0111\u00e1ng tin c\u1eady<\/strong>\u0110\u01b0\u1ee3c ng\u00e2m trong d\u1ea7u c\u00e1ch \u0111i\u1ec7n \u0111\u1ec3 t\u0103ng c\u01b0\u1eddng kh\u1ea3 n\u0103ng t\u1ea3n nhi\u1ec7t, cho ph\u00e9p ho\u1ea1t \u0111\u1ed9ng li\u00ean t\u1ee5c v\u1edbi s\u1ef1 t\u0103ng nhi\u1ec7t \u0111\u1ed9 t\u1ed1i thi\u1ec3u (\u0111\u1ed9 ch\u00eanh l\u1ec7ch nhi\u1ec7t \u0111\u1ed9 \u226440\u00b0C).<\/li>\n<li><strong>\u0110\u1ed9 b\u1ec1n \u0111\u01b0\u1ee3c n\u00e2ng cao<\/strong>V\u1ecf b\u1ecdc \u0111\u01b0\u1ee3c b\u00f4i tr\u01a1n b\u1eb1ng d\u1ea7u ng\u0103n ch\u1eb7n s\u1ef1 x\u00e2m nh\u1eadp c\u1ee7a \u0111\u1ed9 \u1ea9m v\u00e0 b\u1ee5i, gi\u00fap k\u00e9o d\u00e0i tu\u1ed5i th\u1ecd ho\u1ea1t \u0111\u1ed9ng trong m\u00f4i tr\u01b0\u1eddng \u1ea9m \u01b0\u1edbt ho\u1eb7c nhi\u1ec1u b\u1ee5i.<\/li>\n<li><strong>Truy\u1ec1n \u0111\u1ed9ng m\u01b0\u1ee3t m\u00e0<\/strong>D\u1ea7u th\u1ee7y l\u1ef1c cung c\u1ea5p kh\u1ea3 n\u0103ng ki\u1ec3m so\u00e1t \u00e1p su\u1ea5t \u1ed5n \u0111\u1ecbnh, \u0111\u1ea3m b\u1ea3o chuy\u1ec3n \u0111\u1ed9ng thang m\u00e1y m\u01b0\u1ee3t m\u00e0 v\u00e0 tho\u1ea3i m\u00e1i cho h\u00e0nh kh\u00e1ch.<\/li>\n<li><strong>D\u1ec5 b\u1ea3o tr\u00ec<\/strong>H\u1ec7 th\u1ed1ng b\u00f4i tr\u01a1n t\u1ef1 \u0111\u1ed9ng gi\u00fap gi\u1ea3m m\u00e0i m\u00f2n tr\u00ean c\u00e1c b\u1ed9 ph\u1eadn chuy\u1ec3n \u0111\u1ed9ng, ch\u1ec9 c\u1ea7n thay d\u1ea7u m\u1ed7i 5-8 n\u0103m.<\/li>\n<li><strong>Thi\u1ebft k\u1ebf an to\u00e0n ph\u00f2ng ch\u00e1y ch\u1eefa ch\u00e1y<\/strong>D\u1ea7u ch\u1ed1ng ch\u00e1y v\u00e0 c\u1ea3m bi\u1ebfn b\u1ea3o v\u1ec7 qu\u00e1 nhi\u1ec7t tu\u00e2n th\u1ee7 c\u00e1c ti\u00eau chu\u1ea9n an to\u00e0n ph\u00f2ng ch\u00e1y ch\u1eefa ch\u00e1y cho nh\u00e0 \u1edf.<\/li>\n<\/ul>\n<h4 class=\"header-OdWb_u auto-hide-last-sibling-br\"><strong>C\u00e1c t\u00ecnh hu\u1ed1ng \u1ee9ng d\u1ee5ng<\/strong><\/h4>\n<ul class=\"auto-hide-last-sibling-br\">\n<li>Nh\u00e0 \u1edf \u1edf c\u00e1c khu v\u1ef1c c\u00f3 nhi\u1ec7t \u0111\u1ed9 m\u00f4i tr\u01b0\u1eddng cao (h\u1ec7 th\u1ed1ng l\u00e0m m\u00e1t b\u1eb1ng d\u1ea7u ng\u0103n ch\u1eb7n qu\u00e1 nhi\u1ec7t)<\/li>\n<li>C\u00e1c t\u00f2a nh\u00e0 cao t\u1ea7ng y\u00eau c\u1ea7u ho\u1ea1t \u0111\u1ed9ng li\u00ean t\u1ee5c v\u1edbi c\u00f4ng su\u1ea5t cao.<\/li>\n<li>Thang m\u00e1y \u0111\u01b0\u1ee3c l\u1eafp \u0111\u1eb7t trong t\u1ea7ng h\u1ea7m ho\u1eb7c ph\u00f2ng m\u00e1y k\u00edn c\u00f3 h\u1ec7 th\u1ed1ng th\u00f4ng gi\u00f3 h\u1ea1n ch\u1ebf.<\/li>\n<\/ul>\n<p>&nbsp;<\/p>","protected":false},"excerpt":{"rendered":"<p>D\u00e0nh cho h\u1ec7 th\u1ed1ng thang m\u00e1y d\u00e2n d\u1ee5ng, d\u00f2ng s\u1ea3n ph\u1ea9m b\u1ed9 ngu\u1ed3n c\u1ee7a ch\u00fang t\u00f4i bao g\u1ed3m\u00a0<strong>kh\u00f4ng \u1ed3n (\u00edt \u1ed3n)<\/strong>\u00a0v\u00e0\u00a0<strong>ng\u00e2m d\u1ea7u<\/strong>\u00a0C\u00e1c c\u1ea5u h\u00ecnh k\u1ebft h\u1ee3p gi\u1eefa an to\u00e0n, hi\u1ec7u qu\u1ea3 n\u0103ng l\u01b0\u1ee3ng v\u00e0 ho\u1ea1t \u0111\u1ed9ng \u00eam \u00e1i \u0111\u1ec3 \u0111\u00e1p \u1ee9ng c\u00e1c y\u00eau c\u1ea7u \u0111\u1eb7c th\u00f9 c\u1ee7a c\u00e1c \u1ee9ng d\u1ee5ng gia \u0111\u00ecnh.<\/p>","protected":false},"featured_media":4298,"template":"","meta":{"_seopress_robots_primary_cat":"none","_seopress_titles_title":"","_seopress_titles_desc":"","_seopress_robots_index":"","_uag_custom_page_level_css":"","site-sidebar-layout":"default","site-content-layout":"","ast-site-content-layout":"default","site-content-style":"default","site-sidebar-style":"default","ast-global-header-display":"","ast-banner-title-visibility":"","ast-main-header-display":"","ast-hfb-above-header-display":"","ast-hfb-below-header-display":"","ast-hfb-mobile-header-display":"","site-post-title":"","ast-breadcrumbs-content":"","ast-featured-img":"","footer-sml-layout":"","ast-disable-related-posts":"","theme-transparent-header-meta":"default","adv-header-id-meta":"","stick-header-meta":"default","header-above-stick-meta":"","header-main-stick-meta":"","header-below-stick-meta":"","astra-migrate-meta-layouts":"set","ast-page-background-enabled":"default","ast-page-background-meta":{"desktop":{"background-color":"","background-image":"","background-repeat":"repeat","background-position":"center center","background-size":"auto","background-attachment":"scroll","background-type":"","background-media":"","overlay-type":"","overlay-color":"","overlay-opacity":"","overlay-gradient":""},"tablet":{"background-color":"","background-image":"","background-repeat":"repeat","background-position":"center center","background-size":"auto","background-attachment":"scroll","background-type":"","background-media":"","overlay-type":"","overlay-color":"","overlay-opacity":"","overlay-gradient":""},"mobile":{"background-color":"","background-image":"","background-repeat":"repeat","background-position":"center center","background-size":"auto","background-attachment":"scroll","background-type":"","background-media":"","overlay-type":"","overlay-color":"","overlay-opacity":"","overlay-gradient":""}},"ast-content-background-meta":{"desktop":{"background-color":"var(--ast-global-color-5)","background-image":"","background-repeat":"repeat","background-position":"center center","background-size":"auto","background-attachment":"scroll","background-type":"","background-media":"","overlay-type":"","overlay-color":"","overlay-opacity":"","overlay-gradient":""},"tablet":{"background-color":"var(--ast-global-color-5)","background-image":"","background-repeat":"repeat","background-position":"center center","background-size":"auto","background-attachment":"scroll","background-type":"","background-media":"","overlay-type":"","overlay-color":"","overlay-opacity":"","overlay-gradient":""},"mobile":{"background-color":"var(--ast-global-color-5)","background-image":"","background-repeat":"repeat","background-position":"center center","background-size":"auto","background-attachment":"scroll","background-type":"","background-media":"","overlay-type":"","overlay-color":"","overlay-opacity":"","overlay-gradient":""}}},"product_brand":[],"product_cat":[80],"product_tag":[],"class_list":{"0":"post-4025","1":"product","2":"type-product","3":"status-publish","4":"has-post-thumbnail","6":"product_cat-silent","7":"desktop-align-left","8":"tablet-align-left","9":"mobile-align-left","10":"ast-product-gallery-layout-horizontal-slider","11":"ast-product-tabs-layout-accordion","13":"first","14":"instock","15":"featured","16":"shipping-taxable","17":"product-type-simple"},"uagb_featured_image_src":{"full":["https:\/\/xrhydraulicsystem.com\/wp-content\/uploads\/2025\/05\/\u5bb6\u7528\u7535\u68af\u52a8\u529b\u5355\u5143.jpg",800,800,false],"thumbnail":["https:\/\/xrhydraulicsystem.com\/wp-content\/uploads\/2025\/05\/\u5bb6\u7528\u7535\u68af\u52a8\u529b\u5355\u5143-150x150.jpg",150,150,true],"medium":["https:\/\/xrhydraulicsystem.com\/wp-content\/uploads\/2025\/05\/\u5bb6\u7528\u7535\u68af\u52a8\u529b\u5355\u5143-300x300.jpg",300,300,true],"medium_large":["https:\/\/xrhydraulicsystem.com\/wp-content\/uploads\/2025\/05\/\u5bb6\u7528\u7535\u68af\u52a8\u529b\u5355\u5143-768x768.jpg",768,768,true],"large":["https:\/\/xrhydraulicsystem.com\/wp-content\/uploads\/2025\/05\/\u5bb6\u7528\u7535\u68af\u52a8\u529b\u5355\u5143.jpg",800,800,false],"1536x1536":["https:\/\/xrhydraulicsystem.com\/wp-content\/uploads\/2025\/05\/\u5bb6\u7528\u7535\u68af\u52a8\u529b\u5355\u5143.jpg",800,800,false],"2048x2048":["https:\/\/xrhydraulicsystem.com\/wp-content\/uploads\/2025\/05\/\u5bb6\u7528\u7535\u68af\u52a8\u529b\u5355\u5143.jpg",800,800,false],"trp-custom-language-flag":["https:\/\/xrhydraulicsystem.com\/wp-content\/uploads\/2025\/05\/\u5bb6\u7528\u7535\u68af\u52a8\u529b\u5355\u5143-12x12.jpg",12,12,true],"woocommerce_thumbnail":["https:\/\/xrhydraulicsystem.com\/wp-content\/uploads\/2025\/05\/\u5bb6\u7528\u7535\u68af\u52a8\u529b\u5355\u5143-300x300.jpg",300,300,true],"woocommerce_single":["https:\/\/xrhydraulicsystem.com\/wp-content\/uploads\/2025\/05\/\u5bb6\u7528\u7535\u68af\u52a8\u529b\u5355\u5143-600x600.jpg",600,600,true],"woocommerce_gallery_thumbnail":["https:\/\/xrhydraulicsystem.com\/wp-content\/uploads\/2025\/05\/\u5bb6\u7528\u7535\u68af\u52a8\u529b\u5355\u5143-100x100.jpg",100,100,true]},"uagb_author_info":{"display_name":"jinxing6611@gmail.com","author_link":"https:\/\/xrhydraulicsystem.com\/vi\/author\/"},"uagb_comment_info":0,"uagb_excerpt":"Designed for residential elevator systems, our power unit series includes\u00a0noiseless (low-noise)\u00a0and\u00a0oil-immersed\u00a0configurations, combining safety, energy efficiency, and quiet operation to meet the unique requirements of home applications.","_links":{"self":[{"href":"https:\/\/xrhydraulicsystem.com\/vi\/wp-json\/wp\/v2\/product\/4025","targetHints":{"allow":["GET"]}}],"collection":[{"href":"https:\/\/xrhydraulicsystem.com\/vi\/wp-json\/wp\/v2\/product"}],"about":[{"href":"https:\/\/xrhydraulicsystem.com\/vi\/wp-json\/wp\/v2\/types\/product"}],"wp:featuredmedia":[{"embeddable":true,"href":"https:\/\/xrhydraulicsystem.com\/vi\/wp-json\/wp\/v2\/media\/4298"}],"wp:attachment":[{"href":"https:\/\/xrhydraulicsystem.com\/vi\/wp-json\/wp\/v2\/media?parent=4025"}],"wp:term":[{"taxonomy":"product_brand","embeddable":true,"href":"https:\/\/xrhydraulicsystem.com\/vi\/wp-json\/wp\/v2\/product_brand?post=4025"},{"taxonomy":"product_cat","embeddable":true,"href":"https:\/\/xrhydraulicsystem.com\/vi\/wp-json\/wp\/v2\/product_cat?post=4025"},{"taxonomy":"product_tag","embeddable":true,"href":"https:\/\/xrhydraulicsystem.com\/vi\/wp-json\/wp\/v2\/product_tag?post=4025"}],"curies":[{"name":"wp","href":"https:\/\/api.w.org\/{rel}","templated":true}]}}