{"id":4562,"date":"2025-06-05T13:53:36","date_gmt":"2025-06-05T13:53:36","guid":{"rendered":"https:\/\/xrhydraulicsystem.com\/?post_type=product&#038;p=4562"},"modified":"2025-06-10T09:49:06","modified_gmt":"2025-06-10T09:49:06","slug":"lift-power-unit","status":"publish","type":"product","link":"https:\/\/xrhydraulicsystem.com\/vi\/san-pham\/lift-power-unit\/","title":{"rendered":"B\u1ed9 ngu\u1ed3n n\u00e2ng"},"content":{"rendered":"<h3 class=\"header-OdWb_u auto-hide-last-sibling-br\">M\u00f4 t\u1ea3 s\u1ea3n ph\u1ea9m: B\u1ed9 ngu\u1ed3n n\u00e2ng<\/h3>\n<h4 class=\"header-OdWb_u auto-hide-last-sibling-br\"><strong>T\u1ed5ng quan<\/strong><\/h4>\n<div class=\"auto-hide-last-sibling-br paragraph-Oc488D paragraph-element br-paragraph-space\">B\u1ed9 truy\u1ec1n \u0111\u1ed9ng n\u00e2ng th\u1ee7y l\u1ef1c l\u00e0 h\u1ec7 th\u1ed1ng truy\u1ec1n \u0111\u1ed9ng th\u1ee7y l\u1ef1c \u0111\u01b0\u1ee3c thi\u1ebft k\u1ebf \u0111\u1ec3 cung c\u1ea5p ch\u1ee9c n\u0103ng n\u00e2ng v\u00e0 h\u1ea1 theo chi\u1ec1u d\u1ecdc cho c\u00e1c \u1ee9ng d\u1ee5ng c\u01a1 kh\u00ed \u0111a d\u1ea1ng. B\u1eb1ng c\u00e1ch k\u1ebft h\u1ee3p b\u01a1m th\u1ee7y l\u1ef1c, \u0111\u1ed9ng c\u01a1, b\u00ecnh ch\u1ee9a v\u00e0 van \u0111i\u1ec1u khi\u1ec3n, h\u1ec7 th\u1ed1ng n\u00e0y chuy\u1ec3n \u0111\u1ed5i n\u0103ng l\u01b0\u1ee3ng \u0111i\u1ec7n th\u00e0nh n\u0103ng l\u01b0\u1ee3ng th\u1ee7y l\u1ef1c \u0111\u1ec3 \u0111i\u1ec1u khi\u1ec3n xi lanh n\u00e2ng, cho ph\u00e9p \u0111i\u1ec1u ch\u1ec9nh \u0111\u1ed9 cao ch\u00ednh x\u00e1c v\u00e0 h\u1ed7 tr\u1ee3 t\u1ea3i n\u1eb7ng v\u1edbi hi\u1ec7u su\u1ea5t cao v\u00e0 \u0111\u1ed9 tin c\u1eady \u0111\u00e1ng tin c\u1eady.<\/div>\n<h4 class=\"header-OdWb_u auto-hide-last-sibling-br\"><strong>T\u00ednh n\u0103ng ch\u00ednh<\/strong><\/h4>\n<ul class=\"auto-hide-last-sibling-br\">\n<li><strong>T\u00edch h\u1ee3p g\u1ecdn nh\u1eb9<\/strong>Thi\u1ebft k\u1ebf t\u1ea5t c\u1ea3 trong m\u1ed9t v\u1edbi c\u00e1c th\u00e0nh ph\u1ea7n \u0111\u00e3 \u0111\u01b0\u1ee3c l\u1eafp r\u00e1p s\u1eb5n (b\u01a1m, \u0111\u1ed9ng c\u01a1, kh\u1ed1i van, b\u1ec3 d\u1ea7u), gi\u00fap ti\u1ebft ki\u1ec7m kh\u00f4ng gian l\u1eafp \u0111\u1eb7t v\u00e0 gi\u1ea3m thi\u1ec3u c\u00e1c k\u1ebft n\u1ed1i \u1ed1ng d\u1eabn.<\/li>\n<li><strong>Th\u00f4ng s\u1ed1 hi\u1ec7u su\u1ea5t<\/strong>:\n<ul class=\"auto-hide-last-sibling-br\">\n<li>C\u00f4ng su\u1ea5t \u0111\u1ea7u ra: 0,75\u201315 kW (t\u00f9y ch\u1ecdn \u0111\u1ed9ng c\u01a1 AC\/DC)<\/li>\n<li>\u00c1p su\u1ea5t l\u00e0m vi\u1ec7c: 7\u201321 MPa (c\u00f3 th\u1ec3 \u0111i\u1ec1u ch\u1ec9nh th\u00f4ng qua van x\u1ea3 \u00e1p)<\/li>\n<li>L\u01b0u l\u01b0\u1ee3ng: 5\u201350 L\/ph\u00fat (t\u00f9y thu\u1ed9c v\u00e0o t\u1ed1c \u0111\u1ed9 \u0111\u1ed9ng c\u01a1 v\u00e0 dung t\u00edch b\u01a1m)<\/li>\n<li>Dung t\u00edch d\u1ea7u: 10\u2013100 L (th\u1ec3 t\u00edch b\u1ed3n ch\u1ee9a c\u00f3 th\u1ec3 t\u00f9y ch\u1ec9nh)<\/li>\n<\/ul>\n<\/li>\n<li><strong>L\u1ee3i th\u1ebf v\u1eadn h\u00e0nh<\/strong>:\n<ul class=\"auto-hide-last-sibling-br\">\n<li>N\u00e2ng\/h\u1ea1 m\u01b0\u1ee3t m\u00e0 v\u1edbi \u0111i\u1ec1u khi\u1ec3n t\u1ed1c \u0111\u1ed9 li\u00ean t\u1ee5c<\/li>\n<li>B\u1ea3o v\u1ec7 qu\u00e1 t\u1ea3i v\u00e0 ch\u1ee9c n\u0103ng d\u1eebng kh\u1ea9n c\u1ea5p \u0111\u1ec3 \u0111\u1ea3m b\u1ea3o an to\u00e0n<\/li>\n<li>Ho\u1ea1t \u0111\u1ed9ng \u00eam \u00e1i (\u226475 dB) nh\u1edd v\u1ecf \u0111\u1ed9ng c\u01a1 c\u00e1ch \u00e2m.<\/li>\n<li>Kh\u1ea3 n\u0103ng ho\u1ea1t \u0111\u1ed9ng li\u00ean t\u1ee5c v\u1edbi chu k\u1ef3 l\u00e0m vi\u1ec7c cao cho c\u00e1c t\u00ecnh hu\u1ed1ng v\u1eadn h\u00e0nh li\u00ean t\u1ee5c.<\/li>\n<\/ul>\n<\/li>\n<\/ul>\n<h4 class=\"header-OdWb_u auto-hide-last-sibling-br\"><strong>C\u00e1c t\u00ecnh hu\u1ed1ng \u1ee9ng d\u1ee5ng<\/strong><\/h4>\n<ul class=\"auto-hide-last-sibling-br\">\n<li><strong>V\u1eadn chuy\u1ec3n v\u1eadt li\u1ec7u<\/strong>B\u00e0n n\u00e2ng, thang m\u00e1y h\u00e0ng h\u00f3a, xe n\u00e2ng pallet<\/li>\n<li><strong>M\u00e1y m\u00f3c x\u00e2y d\u1ef1ng<\/strong>: C\u1ea7n c\u1ea9u c\u1eaft k\u00e9o, c\u1ea7n c\u1ea9u c\u1ea7n tr\u1ee5c, c\u1ea7n c\u1ea9u g\u1eafn tr\u00ean xe t\u1ea3i<\/li>\n<li><strong>Thi\u1ebft b\u1ecb c\u00f4ng nghi\u1ec7p<\/strong>M\u00e1y \u00e9p kim lo\u1ea1i, m\u00e1y \u00e9p nh\u1ef1a, thang n\u00e2ng tr\u00ean d\u00e2y chuy\u1ec1n l\u1eafp r\u00e1p<\/li>\n<li><strong>C\u01a1 s\u1edf th\u01b0\u01a1ng m\u1ea1i<\/strong>Thang m\u00e1y \u0111\u1ed7 xe, l\u1ed1i \u0111i d\u00e0nh cho ng\u01b0\u1eddi khuy\u1ebft t\u1eadt, h\u1ec7 th\u1ed1ng n\u00e2ng s\u00e2n kh\u1ea5u<\/li>\n<\/ul>","protected":false},"excerpt":{"rendered":"<p>M\u1ed9t \u0111\u01a1n v\u1ecb ngu\u1ed3n \u0111i\u1ec7n thang m\u00e1y compact \u0111\u01b0\u1ee3c thi\u1ebft k\u1ebf cho h\u1ec7 th\u1ed1ng v\u1eadn chuy\u1ec3n th\u1eb3ng \u0111\u1ee9ng, t\u00edch h\u1ee3p c\u01a1 ch\u1ebf truy\u1ec1n \u0111\u1ed9ng th\u1ee7y l\u1ef1c ho\u1eb7c \u0111i\u1ec7n \u0111\u1ec3 \u0111\u1ea3m b\u1ea3o ho\u1ea1t \u0111\u1ed9ng \u00eam \u00e1i c\u1ee7a thang m\u00e1y. Thi\u1ebft b\u1ecb h\u1ed7 tr\u1ee3 ngu\u1ed3n \u0111i\u1ec7n \u0111\u1ea7u v\u00e0o 380V-410V, trang b\u1ecb \u0111\u1ed9ng c\u01a1 hi\u1ec7u su\u1ea5t cao (\u0111\u1ea1t ti\u00eau chu\u1ea9n IE3\/IE4) v\u00e0 h\u1ec7 th\u1ed1ng \u0111i\u1ec1u khi\u1ec3n th\u00f4ng minh \u0111\u1ec3 \u0111i\u1ec1u ch\u1ec9nh t\u1ed1c \u0111\u1ed9 ch\u00ednh x\u00e1c. \u0110\u01b0\u1ee3c trang b\u1ecb b\u1ea3o v\u1ec7 qu\u00e1 t\u1ea3i (nhi\u1ec7t\/qu\u00e1 d\u00f2ng) v\u00e0 v\u1ecf b\u1ea3o v\u1ec7 \u0111\u1ea1t ti\u00eau chu\u1ea9n IP55, thi\u1ebft b\u1ecb \u0111\u1ea3m b\u1ea3o hi\u1ec7u su\u1ea5t \u0111\u00e1ng tin c\u1eady trong c\u00e1c t\u00f2a nh\u00e0 th\u01b0\u01a1ng m\u1ea1i, c\u01a1 s\u1edf c\u00f4ng nghi\u1ec7p v\u00e0 khu d\u00e2n c\u01b0. C\u00e1c t\u00ednh n\u0103ng ch\u00ednh bao g\u1ed3m k\u00edch th\u01b0\u1edbc nh\u1ecf g\u1ecdn cho l\u1eafp \u0111\u1eb7t ti\u1ebft ki\u1ec7m kh\u00f4ng gian, thi\u1ebft k\u1ebf m\u00f4-\u0111un cho vi\u1ec7c b\u1ea3o tr\u00ec d\u1ec5 d\u00e0ng v\u00e0 t\u01b0\u01a1ng th\u00edch v\u1edbi c\u00e1c b\u1ea3ng \u0111i\u1ec1u khi\u1ec3n thang m\u00e1y ti\u00eau chu\u1ea9n.<\/p>","protected":false},"featured_media":4565,"template":"","meta":{"_seopress_robots_primary_cat":"none","_seopress_titles_title":"","_seopress_titles_desc":"","_seopress_robots_index":"","_uag_custom_page_level_css":"","site-sidebar-layout":"default","site-content-layout":"","ast-site-content-layout":"default","site-content-style":"default","site-sidebar-style":"default","ast-global-header-display":"","ast-banner-title-visibility":"","ast-main-header-display":"","ast-hfb-above-header-display":"","ast-hfb-below-header-display":"","ast-hfb-mobile-header-display":"","site-post-title":"","ast-breadcrumbs-content":"","ast-featured-img":"","footer-sml-layout":"","ast-disable-related-posts":"","theme-transparent-header-meta":"default","adv-header-id-meta":"","stick-header-meta":"default","header-above-stick-meta":"","header-main-stick-meta":"","header-below-stick-meta":"","astra-migrate-meta-layouts":"set","ast-page-background-enabled":"default","ast-page-background-meta":{"desktop":{"background-color":"","background-image":"","background-repeat":"repeat","background-position":"center center","background-size":"auto","background-attachment":"scroll","background-type":"","background-media":"","overlay-type":"","overlay-color":"","overlay-opacity":"","overlay-gradient":""},"tablet":{"background-color":"","background-image":"","background-repeat":"repeat","background-position":"center center","background-size":"auto","background-attachment":"scroll","background-type":"","background-media":"","overlay-type":"","overlay-color":"","overlay-opacity":"","overlay-gradient":""},"mobile":{"background-color":"","background-image":"","background-repeat":"repeat","background-position":"center center","background-size":"auto","background-attachment":"scroll","background-type":"","background-media":"","overlay-type":"","overlay-color":"","overlay-opacity":"","overlay-gradient":""}},"ast-content-background-meta":{"desktop":{"background-color":"var(--ast-global-color-5)","background-image":"","background-repeat":"repeat","background-position":"center center","background-size":"auto","background-attachment":"scroll","background-type":"","background-media":"","overlay-type":"","overlay-color":"","overlay-opacity":"","overlay-gradient":""},"tablet":{"background-color":"var(--ast-global-color-5)","background-image":"","background-repeat":"repeat","background-position":"center center","background-size":"auto","background-attachment":"scroll","background-type":"","background-media":"","overlay-type":"","overlay-color":"","overlay-opacity":"","overlay-gradient":""},"mobile":{"background-color":"var(--ast-global-color-5)","background-image":"","background-repeat":"repeat","background-position":"center center","background-size":"auto","background-attachment":"scroll","background-type":"","background-media":"","overlay-type":"","overlay-color":"","overlay-opacity":"","overlay-gradient":""}}},"product_brand":[],"product_cat":[79],"product_tag":[],"class_list":{"0":"post-4562","1":"product","2":"type-product","3":"status-publish","4":"has-post-thumbnail","6":"product_cat-freightelevator","7":"desktop-align-left","8":"tablet-align-left","9":"mobile-align-left","10":"ast-product-gallery-layout-horizontal-slider","11":"ast-product-gallery-with-no-image","12":"ast-product-tabs-layout-accordion","14":"first","15":"instock","16":"shipping-taxable","17":"product-type-simple"},"uagb_featured_image_src":{"full":["https:\/\/xrhydraulicsystem.com\/wp-content\/uploads\/2025\/06\/\u4e3e\u5347\u673a\u52a8\u529b\u5355\u5143.jpg",1200,1200,false],"thumbnail":["https:\/\/xrhydraulicsystem.com\/wp-content\/uploads\/2025\/06\/\u4e3e\u5347\u673a\u52a8\u529b\u5355\u5143-150x150.jpg",150,150,true],"medium":["https:\/\/xrhydraulicsystem.com\/wp-content\/uploads\/2025\/06\/\u4e3e\u5347\u673a\u52a8\u529b\u5355\u5143-300x300.jpg",300,300,true],"medium_large":["https:\/\/xrhydraulicsystem.com\/wp-content\/uploads\/2025\/06\/\u4e3e\u5347\u673a\u52a8\u529b\u5355\u5143-768x768.jpg",768,768,true],"large":["https:\/\/xrhydraulicsystem.com\/wp-content\/uploads\/2025\/06\/\u4e3e\u5347\u673a\u52a8\u529b\u5355\u5143-1024x1024.jpg",1024,1024,true],"1536x1536":["https:\/\/xrhydraulicsystem.com\/wp-content\/uploads\/2025\/06\/\u4e3e\u5347\u673a\u52a8\u529b\u5355\u5143.jpg",1200,1200,false],"2048x2048":["https:\/\/xrhydraulicsystem.com\/wp-content\/uploads\/2025\/06\/\u4e3e\u5347\u673a\u52a8\u529b\u5355\u5143.jpg",1200,1200,false],"trp-custom-language-flag":["https:\/\/xrhydraulicsystem.com\/wp-content\/uploads\/2025\/06\/\u4e3e\u5347\u673a\u52a8\u529b\u5355\u5143-12x12.jpg",12,12,true],"woocommerce_thumbnail":["https:\/\/xrhydraulicsystem.com\/wp-content\/uploads\/2025\/06\/\u4e3e\u5347\u673a\u52a8\u529b\u5355\u5143-300x300.jpg",300,300,true],"woocommerce_single":["https:\/\/xrhydraulicsystem.com\/wp-content\/uploads\/2025\/06\/\u4e3e\u5347\u673a\u52a8\u529b\u5355\u5143-600x600.jpg",600,600,true],"woocommerce_gallery_thumbnail":["https:\/\/xrhydraulicsystem.com\/wp-content\/uploads\/2025\/06\/\u4e3e\u5347\u673a\u52a8\u529b\u5355\u5143-100x100.jpg",100,100,true]},"uagb_author_info":{"display_name":"jinxing6611@gmail.com","author_link":"https:\/\/xrhydraulicsystem.com\/vi\/author\/"},"uagb_comment_info":0,"uagb_excerpt":"A compact lift power unit designed for vertical transportation systems, integrating hydraulic or electric drive mechanisms to enable smooth elevator\/lift operation. It supports 380V-410V power inputs, featuring high-efficiency motors (IE3\/IE4 ratings) and intelligent control systems for precise speed regulation. Built with overload protection (thermal\/over-current) and IP55-rated enclosures, it ensures reliable performance in commercial buildings, industrial&hellip;","_links":{"self":[{"href":"https:\/\/xrhydraulicsystem.com\/vi\/wp-json\/wp\/v2\/product\/4562","targetHints":{"allow":["GET"]}}],"collection":[{"href":"https:\/\/xrhydraulicsystem.com\/vi\/wp-json\/wp\/v2\/product"}],"about":[{"href":"https:\/\/xrhydraulicsystem.com\/vi\/wp-json\/wp\/v2\/types\/product"}],"wp:featuredmedia":[{"embeddable":true,"href":"https:\/\/xrhydraulicsystem.com\/vi\/wp-json\/wp\/v2\/media\/4565"}],"wp:attachment":[{"href":"https:\/\/xrhydraulicsystem.com\/vi\/wp-json\/wp\/v2\/media?parent=4562"}],"wp:term":[{"taxonomy":"product_brand","embeddable":true,"href":"https:\/\/xrhydraulicsystem.com\/vi\/wp-json\/wp\/v2\/product_brand?post=4562"},{"taxonomy":"product_cat","embeddable":true,"href":"https:\/\/xrhydraulicsystem.com\/vi\/wp-json\/wp\/v2\/product_cat?post=4562"},{"taxonomy":"product_tag","embeddable":true,"href":"https:\/\/xrhydraulicsystem.com\/vi\/wp-json\/wp\/v2\/product_tag?post=4562"}],"curies":[{"name":"wp","href":"https:\/\/api.w.org\/{rel}","templated":true}]}}