{"id":4832,"date":"2025-06-07T04:43:38","date_gmt":"2025-06-07T04:43:38","guid":{"rendered":"https:\/\/xrhydraulicsystem.com\/?post_type=product&#038;p=4832"},"modified":"2025-06-10T06:37:24","modified_gmt":"2025-06-10T06:37:24","slug":"hydraulic-oil-tank-3","status":"publish","type":"product","link":"https:\/\/xrhydraulicsystem.com\/vi\/san-pham\/hydraulic-oil-tank-3\/","title":{"rendered":"B\u1ec3 ch\u1ee9a d\u1ea7u th\u1ee7y l\u1ef1c"},"content":{"rendered":"<h3 class=\"header-OdWb_u auto-hide-last-sibling-br\">B\u00ecnh ch\u1ee9a d\u1ea7u th\u1ee7y l\u1ef1c hi\u1ec7u su\u1ea5t cao \u2013 Thi\u1ebft k\u1ebf t\u1ed1i \u01b0u cho qu\u1ea3n l\u00fd ch\u1ea5t l\u1ecfng<\/h3>\n<h4 class=\"header-OdWb_u auto-hide-last-sibling-br\">T\u1ed5ng quan v\u1ec1 s\u1ea3n ph\u1ea9m<\/h4>\n<div class=\"auto-hide-last-sibling-br paragraph-Oc488D paragraph-element br-paragraph-space\">B\u00ecnh ch\u1ee9a d\u1ea7u th\u1ee7y l\u1ef1c c\u1ee7a ch\u00fang t\u00f4i \u0111\u01b0\u1ee3c s\u1ea3n xu\u1ea5t v\u1edbi \u0111\u1ed9 ch\u00ednh x\u00e1c cao \u0111\u1ec3 l\u01b0u tr\u1eef, l\u1ecdc v\u00e0 l\u00e0m m\u00e1t d\u1ea7u th\u1ee7y l\u1ef1c trong c\u00e1c h\u1ec7 th\u1ed1ng c\u00f4ng nghi\u1ec7p. \u0110\u01b0\u1ee3c ch\u1ebf t\u1ea1o t\u1eeb th\u00e9p carbon cao c\u1ea5p, th\u00e9p kh\u00f4ng g\u1ec9 ho\u1eb7c nh\u00f4m, c\u00e1c b\u00ecnh ch\u1ee9a n\u00e0y c\u00f3 thi\u1ebft k\u1ebf ch\u1ed1ng r\u00f2 r\u1ec9 v\u00e0 c\u1ea5u h\u00ecnh m\u00f4-\u0111un \u0111\u1ec3 \u0111\u00e1p \u1ee9ng c\u00e1c y\u00eau c\u1ea7u v\u1eadn h\u00e0nh \u0111a d\u1ea1ng. V\u1edbi c\u1ea5u tr\u00fac ch\u1ecbu \u00e1p l\u1ef1c v\u00e0 h\u1ec7 th\u1ed1ng qu\u1ea3n l\u00fd nhi\u1ec7t t\u00edch h\u1ee3p, ch\u00fang \u0111\u1ea3m b\u1ea3o hi\u1ec7u su\u1ea5t \u1ed5n \u0111\u1ecbnh c\u1ee7a d\u1ea7u th\u1ee7y l\u1ef1c trong c\u00e1c \u1ee9ng d\u1ee5ng n\u1eb7ng.<\/div>\n<h4 class=\"header-OdWb_u auto-hide-last-sibling-br\">T\u00ednh n\u0103ng ch\u00ednh &amp; \u01afu \u0111i\u1ec3m<\/h4>\n<ul class=\"auto-hide-last-sibling-br\">\n<li><strong>X\u00e2y d\u1ef1ng ch\u1eafc ch\u1eafn<\/strong>:<br class=\"container-Vdm5p7 wrapper-_7axQ_ undefined\" \/>\u0110\u01b0\u1ee3c ch\u1ebf t\u1ea1o t\u1eeb v\u1eadt li\u1ec7u ch\u1ed1ng \u0103n m\u00f2n (th\u00e9p ASTM A36 ho\u1eb7c th\u00e9p kh\u00f4ng g\u1ec9 304\/316) v\u1edbi c\u00e1c m\u1ed1i h\u00e0n k\u00edn \u0111\u1ec3 \u0111\u1ea3m b\u1ea3o \u0111\u1ed9 b\u1ec1n v\u00e0 ch\u1ed1ng r\u00f2 r\u1ec9. C\u00e1c m\u1eabu b\u1eb1ng nh\u00f4m cung c\u1ea5p gi\u1ea3i ph\u00e1p nh\u1eb9 nh\u00e0ng cho thi\u1ebft b\u1ecb di \u0111\u1ed9ng.<\/li>\n<li><strong>H\u1ec7 th\u1ed1ng l\u1ecdc t\u00edch h\u1ee3p<\/strong>:<br class=\"container-Vdm5p7 wrapper-_7axQ_ undefined\" \/>\u0110\u01b0\u1ee3c trang b\u1ecb b\u1ed9 l\u1ecdc h\u00fat v\u00e0 tr\u1ea3 d\u00f2ng c\u00f3 hi\u1ec7u su\u1ea5t cao (\u0111\u1ed9 l\u1ecdc danh \u0111\u1ecbnh: 10-25\u03bcm) \u0111\u1ec3 lo\u1ea1i b\u1ecf c\u00e1c h\u1ea1t b\u1ee5i v\u00e0 duy tr\u00ec \u0111\u1ed9 s\u1ea1ch c\u1ee7a ch\u1ea5t l\u1ecfng (l\u1edbp ISO 4406 \u2264 18\/16\/13).<\/li>\n<li><strong>Qu\u1ea3n l\u00fd nhi\u1ec7t<\/strong>:<br class=\"container-Vdm5p7 wrapper-_7axQ_ undefined\" \/>C\u00e1nh t\u1ea3n nhi\u1ec7t t\u00edch h\u1ee3p ho\u1eb7c c\u1ed5ng trao \u0111\u1ed5i nhi\u1ec7t t\u00f9y ch\u1ecdn (lo\u1ea1i v\u1ecf v\u00e0 \u1ed1ng ho\u1eb7c lo\u1ea1i t\u1ea5m) \u0111\u1ec3 \u0111i\u1ec1u ch\u1ec9nh nhi\u1ec7t \u0111\u1ed9 ch\u1ea5t l\u1ecfng (d\u1ea3i nhi\u1ec7t \u0111\u1ed9 t\u1ed1i \u01b0u: 40-60\u00b0C), ng\u0103n ng\u1eeba qu\u00e1 nhi\u1ec7t v\u00e0 suy gi\u1ea3m \u0111\u1ed9 nh\u1edbt.<\/li>\n<li><strong>Theo d\u00f5i m\u1ee9c \u0111\u1ed9 v\u00e0 nhi\u1ec7t \u0111\u1ed9<\/strong>:<br class=\"container-Vdm5p7 wrapper-_7axQ_ undefined\" \/>G\u1ed3m k\u00ednh quan s\u00e1t, \u0111\u1ed3ng h\u1ed3 \u0111o m\u1ee9c t\u1eeb t\u00ednh v\u00e0 nhi\u1ec7t k\u1ebf (\u0111i\u1ec7n t\u1eed ho\u1eb7c c\u01a1 h\u1ecdc) \u0111\u1ec3 theo d\u00f5i tr\u1ea1ng th\u00e1i ch\u1ea5t l\u1ecfng theo th\u1eddi gian th\u1ef1c. C\u1ea3m bi\u1ebfn \u00e1p su\u1ea5t v\u00e0 c\u00f4ng t\u1eafc \u00e1p su\u1ea5t c\u00f3 s\u1eb5n cho h\u1ec7 th\u1ed1ng t\u1ef1 \u0111\u1ed9ng.<\/li>\n<li><strong>Kh\u1ea3 n\u0103ng ch\u1ed1ng rung<\/strong>:<br class=\"container-Vdm5p7 wrapper-_7axQ_ undefined\" \/>C\u00e1c gi\u00e1 \u0111\u1ee1 gia c\u1ed1 v\u00e0 gi\u00e1 \u0111\u1ee1 ch\u1ed1ng rung gi\u00fap gi\u1ea3m ti\u1ebfng \u1ed3n v\u00e0 \u00e1p l\u1ef1c c\u1ea5u tr\u00fac trong m\u00e1y m\u00f3c di \u0111\u1ed9ng ho\u1eb7c m\u00f4i tr\u01b0\u1eddng c\u00f3 rung \u0111\u1ed9ng cao.<\/li>\n<\/ul>\n<h4 class=\"header-OdWb_u auto-hide-last-sibling-br\">\u1ee8ng d\u1ee5ng<\/h4>\n<ul class=\"auto-hide-last-sibling-br\">\n<li><strong>M\u00e1y m\u00f3c c\u00f4ng nghi\u1ec7p<\/strong>:<br class=\"container-Vdm5p7 wrapper-_7axQ_ undefined\" \/>M\u00e1y \u00e9p th\u1ee7y l\u1ef1c, m\u00e1y \u00e9p phun nh\u1ef1a, thi\u1ebft b\u1ecb gia c\u00f4ng kim lo\u1ea1i v\u00e0 d\u00e2y chuy\u1ec1n s\u1ea3n xu\u1ea5t t\u1ef1 \u0111\u1ed9ng.<\/li>\n<li><strong>X\u00e2y d\u1ef1ng &amp; Khai th\u00e1c m\u1ecf<\/strong>:<br class=\"container-Vdm5p7 wrapper-_7axQ_ undefined\" \/>M\u00e1y \u0111\u00e0o, m\u00e1y x\u00fac, c\u1ea7n c\u1ea9u v\u00e0 gi\u00e0n khoan c\u1ea7n c\u00f3 h\u1ec7 th\u1ed1ng l\u01b0u tr\u1eef ch\u1ea5t l\u1ecfng \u0111\u00e1ng tin c\u1eady trong \u0111i\u1ec1u ki\u1ec7n kh\u1eafc nghi\u1ec7t.<\/li>\n<li><strong>N\u00f4ng nghi\u1ec7p &amp; L\u00e2m nghi\u1ec7p<\/strong>:<br class=\"container-Vdm5p7 wrapper-_7axQ_ undefined\" \/>Xe k\u00e9o, m\u00e1y g\u1eb7t v\u00e0 m\u00e1y m\u00f3c l\u00e2m nghi\u1ec7p c\u00f3 h\u1ec7 th\u1ed1ng th\u1ee7y l\u1ef1c ho\u1ea1t \u0111\u1ed9ng li\u00ean t\u1ee5c.<\/li>\n<li><strong>H\u00e0ng h\u1ea3i &amp; D\u1ea7u kh\u00ed ngo\u00e0i kh\u01a1i<\/strong>:<br class=\"container-Vdm5p7 wrapper-_7axQ_ undefined\" \/>H\u1ec7 th\u1ed1ng th\u1ee7y l\u1ef1c cho t\u00e0u bi\u1ec3n, gi\u00e0n khoan ngo\u00e0i kh\u01a1i v\u00e0 thi\u1ebft b\u1ecb h\u00e0ng h\u1ea3i c\u00f3 kh\u1ea3 n\u0103ng ch\u1ed1ng \u0103n m\u00f2n do n\u01b0\u1edbc m\u1eb7n.<\/li>\n<li><strong>H\u00e0ng kh\u00f4ng v\u0169 tr\u1ee5 &amp; Qu\u1ed1c ph\u00f2ng<\/strong>:<br class=\"container-Vdm5p7 wrapper-_7axQ_ undefined\" \/>Thi\u1ebft b\u1ecb h\u1ed7 tr\u1ee3 m\u1eb7t \u0111\u1ea5t v\u00e0 ph\u01b0\u01a1ng ti\u1ec7n qu\u00e2n s\u1ef1 s\u1eed d\u1ee5ng gi\u1ea3i ph\u00e1p b\u1ed3n ch\u1ee9a b\u1eb1ng nh\u00f4m nh\u1eb9.<\/li>\n<\/ul>","protected":false},"excerpt":{"rendered":"<p>B\u00ecnh ch\u1ee9a d\u1ea7u th\u1ee7y l\u1ef1c l\u00e0 m\u1ed9t th\u00e0nh ph\u1ea7n quan tr\u1ecdng trong h\u1ec7 th\u1ed1ng th\u1ee7y l\u1ef1c, ch\u1ee7 y\u1ebfu \u0111\u01b0\u1ee3c s\u1eed d\u1ee5ng \u0111\u1ec3 l\u01b0u tr\u1eef d\u1ea7u th\u1ee7y l\u1ef1c, t\u1ea3n nhi\u1ec7t, t\u00e1ch kh\u00ed v\u00e0 t\u1ea1p ch\u1ea5t kh\u1ecfi d\u1ea7u, \u0111\u1ed3ng th\u1eddi \u0111\u1ea3m b\u1ea3o ho\u1ea1t \u0111\u1ed9ng \u1ed5n \u0111\u1ecbnh c\u1ee7a h\u1ec7 th\u1ed1ng. Th\u01b0\u1eddng \u0111\u01b0\u1ee3c l\u00e0m t\u1eeb th\u00e9p ho\u1eb7c c\u00e1c v\u1eadt li\u1ec7u b\u1ec1n kh\u00e1c, b\u1ec3 ch\u1ee9a \u0111\u01b0\u1ee3c trang b\u1ecb c\u00e1c c\u1ed5ng nh\u1eadp\/xu\u1ea5t d\u1ea7u, b\u1ed9 l\u1ecdc, \u0111\u1ed3ng h\u1ed3 \u0111o m\u1ee9c d\u1ea7u v\u00e0 thi\u1ebft b\u1ecb th\u00f4ng gi\u00f3 \u0111\u1ec3 duy tr\u00ec \u0111\u1ed9 s\u1ea1ch v\u00e0 th\u1ec3 t\u00edch d\u1ea7u ph\u00f9 h\u1ee3p. Thi\u1ebft k\u1ebf c\u1ee7a b\u1ec3 ch\u1ee9a xem x\u00e9t c\u00e1c y\u1ebfu t\u1ed1 nh\u01b0 dung t\u00edch d\u1ea7u, hi\u1ec7u su\u1ea5t t\u1ea3n nhi\u1ec7t v\u00e0 kh\u00f4ng gian l\u1eafp \u0111\u1eb7t \u0111\u1ec3 \u0111\u00e1p \u1ee9ng y\u00eau c\u1ea7u v\u1eadn h\u00e0nh c\u1ee7a thi\u1ebft b\u1ecb th\u1ee7y l\u1ef1c.<\/p>","protected":false},"featured_media":4670,"template":"","meta":{"_seopress_robots_primary_cat":"none","_seopress_titles_title":"","_seopress_titles_desc":"","_seopress_robots_index":"","_uag_custom_page_level_css":"","site-sidebar-layout":"default","site-content-layout":"","ast-site-content-layout":"default","site-content-style":"default","site-sidebar-style":"default","ast-global-header-display":"","ast-banner-title-visibility":"","ast-main-header-display":"","ast-hfb-above-header-display":"","ast-hfb-below-header-display":"","ast-hfb-mobile-header-display":"","site-post-title":"","ast-breadcrumbs-content":"","ast-featured-img":"","footer-sml-layout":"","ast-disable-related-posts":"","theme-transparent-header-meta":"default","adv-header-id-meta":"","stick-header-meta":"default","header-above-stick-meta":"","header-main-stick-meta":"","header-below-stick-meta":"","astra-migrate-meta-layouts":"set","ast-page-background-enabled":"default","ast-page-background-meta":{"desktop":{"background-color":"","background-image":"","background-repeat":"repeat","background-position":"center center","background-size":"auto","background-attachment":"scroll","background-type":"","background-media":"","overlay-type":"","overlay-color":"","overlay-opacity":"","overlay-gradient":""},"tablet":{"background-color":"","background-image":"","background-repeat":"repeat","background-position":"center center","background-size":"auto","background-attachment":"scroll","background-type":"","background-media":"","overlay-type":"","overlay-color":"","overlay-opacity":"","overlay-gradient":""},"mobile":{"background-color":"","background-image":"","background-repeat":"repeat","background-position":"center center","background-size":"auto","background-attachment":"scroll","background-type":"","background-media":"","overlay-type":"","overlay-color":"","overlay-opacity":"","overlay-gradient":""}},"ast-content-background-meta":{"desktop":{"background-color":"var(--ast-global-color-5)","background-image":"","background-repeat":"repeat","background-position":"center center","background-size":"auto","background-attachment":"scroll","background-type":"","background-media":"","overlay-type":"","overlay-color":"","overlay-opacity":"","overlay-gradient":""},"tablet":{"background-color":"var(--ast-global-color-5)","background-image":"","background-repeat":"repeat","background-position":"center center","background-size":"auto","background-attachment":"scroll","background-type":"","background-media":"","overlay-type":"","overlay-color":"","overlay-opacity":"","overlay-gradient":""},"mobile":{"background-color":"var(--ast-global-color-5)","background-image":"","background-repeat":"repeat","background-position":"center center","background-size":"auto","background-attachment":"scroll","background-type":"","background-media":"","overlay-type":"","overlay-color":"","overlay-opacity":"","overlay-gradient":""}}},"product_brand":[],"product_cat":[76],"product_tag":[],"class_list":{"0":"post-4832","1":"product","2":"type-product","3":"status-publish","4":"has-post-thumbnail","6":"product_cat-hydraulic","7":"desktop-align-left","8":"tablet-align-left","9":"mobile-align-left","10":"ast-product-gallery-layout-horizontal-slider","11":"ast-product-tabs-layout-accordion","13":"first","14":"instock","15":"shipping-taxable","16":"product-type-simple"},"uagb_featured_image_src":{"full":["https:\/\/xrhydraulicsystem.com\/wp-content\/uploads\/2025\/05\/IMG_20250301_151110.jpg",1200,1200,false],"thumbnail":["https:\/\/xrhydraulicsystem.com\/wp-content\/uploads\/2025\/05\/IMG_20250301_151110-150x150.jpg",150,150,true],"medium":["https:\/\/xrhydraulicsystem.com\/wp-content\/uploads\/2025\/05\/IMG_20250301_151110-300x300.jpg",300,300,true],"medium_large":["https:\/\/xrhydraulicsystem.com\/wp-content\/uploads\/2025\/05\/IMG_20250301_151110-768x768.jpg",768,768,true],"large":["https:\/\/xrhydraulicsystem.com\/wp-content\/uploads\/2025\/05\/IMG_20250301_151110-1024x1024.jpg",1024,1024,true],"1536x1536":["https:\/\/xrhydraulicsystem.com\/wp-content\/uploads\/2025\/05\/IMG_20250301_151110.jpg",1200,1200,false],"2048x2048":["https:\/\/xrhydraulicsystem.com\/wp-content\/uploads\/2025\/05\/IMG_20250301_151110.jpg",1200,1200,false],"trp-custom-language-flag":["https:\/\/xrhydraulicsystem.com\/wp-content\/uploads\/2025\/05\/IMG_20250301_151110-12x12.jpg",12,12,true],"woocommerce_thumbnail":["https:\/\/xrhydraulicsystem.com\/wp-content\/uploads\/2025\/05\/IMG_20250301_151110-300x300.jpg",300,300,true],"woocommerce_single":["https:\/\/xrhydraulicsystem.com\/wp-content\/uploads\/2025\/05\/IMG_20250301_151110-600x600.jpg",600,600,true],"woocommerce_gallery_thumbnail":["https:\/\/xrhydraulicsystem.com\/wp-content\/uploads\/2025\/05\/IMG_20250301_151110-100x100.jpg",100,100,true]},"uagb_author_info":{"display_name":"jinxing6611@gmail.com","author_link":"https:\/\/xrhydraulicsystem.com\/vi\/author\/"},"uagb_comment_info":0,"uagb_excerpt":"A hydraulic oil tank is a vital component in hydraulic systems, primarily used to store hydraulic oil, dissipate heat, separate air and impurities from the oil, and ensure the stable operation of the system. It is usually made of steel or other durable materials, equipped with oil inlet\/outlet ports, filters, level gauges, and ventilation devices&hellip;","_links":{"self":[{"href":"https:\/\/xrhydraulicsystem.com\/vi\/wp-json\/wp\/v2\/product\/4832","targetHints":{"allow":["GET"]}}],"collection":[{"href":"https:\/\/xrhydraulicsystem.com\/vi\/wp-json\/wp\/v2\/product"}],"about":[{"href":"https:\/\/xrhydraulicsystem.com\/vi\/wp-json\/wp\/v2\/types\/product"}],"wp:featuredmedia":[{"embeddable":true,"href":"https:\/\/xrhydraulicsystem.com\/vi\/wp-json\/wp\/v2\/media\/4670"}],"wp:attachment":[{"href":"https:\/\/xrhydraulicsystem.com\/vi\/wp-json\/wp\/v2\/media?parent=4832"}],"wp:term":[{"taxonomy":"product_brand","embeddable":true,"href":"https:\/\/xrhydraulicsystem.com\/vi\/wp-json\/wp\/v2\/product_brand?post=4832"},{"taxonomy":"product_cat","embeddable":true,"href":"https:\/\/xrhydraulicsystem.com\/vi\/wp-json\/wp\/v2\/product_cat?post=4832"},{"taxonomy":"product_tag","embeddable":true,"href":"https:\/\/xrhydraulicsystem.com\/vi\/wp-json\/wp\/v2\/product_tag?post=4832"}],"curies":[{"name":"wp","href":"https:\/\/api.w.org\/{rel}","templated":true}]}}